{"id":16548,"date":"2024-10-20T13:24:50","date_gmt":"2024-10-20T18:24:50","guid":{"rendered":"https:\/\/staging6.lasterrazasdedana.com\/?page_id=16548"},"modified":"2024-10-20T13:33:11","modified_gmt":"2024-10-20T18:33:11","slug":"tourisme-durable-et-responsable","status":"publish","type":"page","link":"https:\/\/staging6.lasterrazasdedana.com\/fr\/la-loge\/tourisme-durable-et-responsable\/","title":{"rendered":"Sustainable &#038; Responsible Tourism"},"content":{"rendered":"\t\t<div data-elementor-type=\"wp-page\" data-elementor-id=\"16548\" class=\"elementor elementor-16548 elementor-6522\" data-elementor-post-type=\"page\">\n\t\t\t\t<div class=\"elementor-element elementor-element-2e2e593 e-con-full e-flex e-con e-parent\" data-id=\"2e2e593\" data-element_type=\"container\" data-settings=\"{&quot;background_background&quot;:&quot;classic&quot;}\">\n\t\t\t\t<\/div>\n\t\t<div class=\"elementor-element elementor-element-5e34114 e-con-full e-flex e-con e-parent\" data-id=\"5e34114\" data-element_type=\"container\" data-settings=\"{&quot;background_background&quot;:&quot;classic&quot;}\">\n\t\t<div class=\"elementor-element elementor-element-a77d2ba e-con-full animated-slow e-flex elementor-invisible e-con e-child\" data-id=\"a77d2ba\" data-element_type=\"container\" data-settings=\"{&quot;background_background&quot;:&quot;classic&quot;,&quot;animation&quot;:&quot;fadeInUp&quot;}\">\n\t\t\t\t<div class=\"elementor-element elementor-element-47c98b7 elementor-widget elementor-widget-heading\" data-id=\"47c98b7\" data-element_type=\"widget\" data-widget_type=\"heading.default\">\n\t\t\t\t<div class=\"elementor-widget-container\">\n\t\t\t\t\t<h6 class=\"elementor-heading-title elementor-size-default\">Durabilit\u00e9 et<br> responsabilit\u00e9<\/h6>\t\t\t\t<\/div>\n\t\t\t\t<\/div>\n\t\t\t\t<\/div>\n\t\t<div class=\"elementor-element elementor-element-304c19a e-con-full e-flex e-con e-child\" data-id=\"304c19a\" data-element_type=\"container\" data-settings=\"{&quot;background_background&quot;:&quot;classic&quot;,&quot;animation&quot;:&quot;none&quot;}\">\n\t\t\t\t<div class=\"elementor-element elementor-element-7b719e1 elementor-widget elementor-widget-heading\" data-id=\"7b719e1\" data-element_type=\"widget\" data-widget_type=\"heading.default\">\n\t\t\t\t<div class=\"elementor-widget-container\">\n\t\t\t\t\t<h2 class=\"elementor-heading-title elementor-size-default\">Las Terrazas de Dana<br>\nExp\u00e9rience durable et responsable<\/h2>\t\t\t\t<\/div>\n\t\t\t\t<\/div>\n\t\t\t\t<div class=\"elementor-element elementor-element-d8e1e97 elementor-widget elementor-widget-image\" data-id=\"d8e1e97\" data-element_type=\"widget\" data-widget_type=\"image.default\">\n\t\t\t\t<div class=\"elementor-widget-container\">\n\t\t\t\t\t\t\t\t\t\t\t\t\t\t\t<img decoding=\"async\" width=\"205\" height=\"173\" src=\"https:\/\/staging6.lasterrazasdedana.com\/wp-content\/uploads\/2024\/07\/responsible-tourism-icon.png\" class=\"attachment-full size-full wp-image-16560\" alt=\"\" title=\"\">\t\t\t\t\t\t\t\t\t\t\t\t\t\t\t<\/div>\n\t\t\t\t<\/div>\n\t\t\t\t<div class=\"elementor-element elementor-element-a96e0f9 elementor-widget elementor-widget-text-editor\" data-id=\"a96e0f9\" data-element_type=\"widget\" data-widget_type=\"text-editor.default\">\n\t\t\t\t<div class=\"elementor-widget-container\">\n\t\t\t\t\t\t\t\t\t<p>Promouvoir des politiques et des pratiques de tourisme responsable afin que les communaut\u00e9s locales puissent prosp\u00e9rer et pr\u00e9server leurs ressources culturelles et leur biodiversit\u00e9, telle est la mission du Center for Responsible Travel (CREST). Le Center for Responsible Travel (CREST) est un organisme de recherche unique, ax\u00e9 sur les politiques, qui se consacre \u00e0 l&rsquo;accroissement de l&rsquo;impact positif du tourisme responsable \u00e0 l&rsquo;\u00e9chelle mondiale.<\/p>\n<p><span style=\"font-weight: var( --e-global-typography-text-font-weight );\">Las Terrazas De Dana Boutique Lodge &amp; Spa a \u00e9t\u00e9 reconnu comme un leader en mati\u00e8re de durabilit\u00e9 dans l&rsquo;industrie du voyage. Notre travail, notre soutien pass\u00e9 au CREST et notre engagement formel \u00e0 soutenir le CREST \u00e0 l&rsquo;avenir nous ont permis d&rsquo;\u00eatre intronis\u00e9s dans la cat\u00e9gorie \u00e9lite des Sponsors Platine du CREST.<\/span><\/p>\n<p><span style=\"font-weight: var( --e-global-typography-text-font-weight );\">L&rsquo;essor du voyage responsable au cours du dernier quart du XXe si\u00e8cle a remis en question le mode de fonctionnement du tourisme conventionnel et a cr\u00e9\u00e9 les principes et les outils permettant de faire du tourisme une force au service du bien. L&rsquo;\u00e9cotourisme a d\u00e9montr\u00e9 que, s&rsquo;il est d\u00e9velopp\u00e9 de mani\u00e8re responsable, il peut contribuer \u00e0 \u00e9liminer la pauvret\u00e9 rurale, \u00e0 favoriser la compr\u00e9hension culturelle et la paix, \u00e0 \u00e9duquer les voyageurs sur des lieux sp\u00e9ciaux et des cultures locales, et \u00e0 offrir des opportunit\u00e9s \u00e9conomiques et de la fiert\u00e9 aux communaut\u00e9s locales.<\/span><\/p>\n<p><span style=\"font-weight: var( --e-global-typography-text-font-weight );\">L&rsquo;American Birding Expo, qui se tient au Greater Philadelphia Expo Center \u00e0 Philadelphie, aux \u00c9tats-Unis, est un salon ornithologique de renomm\u00e9e mondiale. Des exposants du monde entier, repr\u00e9sentant tous les aspects du march\u00e9 de l&rsquo;ornithologie et de la nature, participent \u00e0 cet \u00e9v\u00e9nement pour pr\u00e9senter et offrir leurs produits, biens et services. Las Terrazas de Dana Boutique Lodge &amp; Spa sponsorise ce grand \u00e9v\u00e9nement en mettant \u00e0 la disposition du festival l&rsquo;un de ses programmes qui sera vendu aux ench\u00e8res pendant l&rsquo;\u00e9v\u00e9nement.<\/span><\/p>\n<p><span style=\"font-weight: var( --e-global-typography-text-font-weight );\">Le R\u00edo Grande Valley Birding Festival et l&rsquo;English Bird Fair sont \u00e9galement deux expositions ornithologiques impressionnantes auxquelles Las Terrazas De Dana Boutique Lodge &amp; Spa contribue \u00e9galement en faisant don d&rsquo;un de ses programmes qui sera vendu aux ench\u00e8res pendant l&rsquo;\u00e9v\u00e9nement.<\/span><\/p>\n<p><span style=\"font-weight: var( --e-global-typography-text-font-weight );\">Prot\u00e9ger la biodiversit\u00e9 de la for\u00eat de nuages de Mindo au sein de la r\u00e9serve de biosph\u00e8re Choco Andino de Pichincha est devenu notre principal objectif, en plus du service offert \u00e0 la communaut\u00e9 de la for\u00eat de nuages de Mindo en soutenant l&rsquo;\u00e9conomie locale.<\/span><\/p>\n<p><span style=\"font-weight: var( --e-global-typography-text-font-weight );\">Nous avons appris \u00e0 respecter et \u00e0 aimer la for\u00eat des nuages et nous promouvons la conservation de l&rsquo;ensemble de la r\u00e9serve en soutenant les b\u00e9n\u00e9fices \u00e9conomiques de la Fondation de la for\u00eat des nuages de Mindo qui encourage la reforestation, la protection des rivi\u00e8res, des ruisseaux et des voies d&rsquo;eau au sein de la r\u00e9serve de biosph\u00e8re et aide au r\u00e9tablissement de plusieurs esp\u00e8ces qui vivent dans la for\u00eat des nuages.<\/span><\/p>\n<p><span style=\"font-weight: var( --e-global-typography-text-font-weight );\">La Mindo Cloud Forest Foundation est une fondation \u00e9quatorienne \u00e0 but non lucratif qui \u0153uvre pour la conservation des for\u00eats, la reforestation et la promotion de l&rsquo;\u00e9cotourisme sur les pentes occidentales des Andes \u00e9quatoriennes. Avec plusieurs r\u00e9serves situ\u00e9es entre 300 et 2500 m\u00e8tres d&rsquo;altitude, la zone de travail de la Mindo Cloud Forest Foundation chevauche les Andes tropicales et les points chauds de la biodiversit\u00e9 de Tumbes Choco Magdalena (Conservation International).<\/span><\/p>\n<p><span style=\"font-weight: var( --e-global-typography-text-font-weight );\">Un programme visant \u00e0 r\u00e9duire l&rsquo;utilisation de sacs en plastique \u00e0 Las Terrazas De Dana Boutique Lodge &amp; Spa est en cours d&rsquo;\u00e9laboration. Une fois la cha\u00eene d&rsquo;achat et d&rsquo;approvisionnement termin\u00e9e, toutes les bo\u00eetes en plastique sont amen\u00e9es \u00e0 la zone de recyclage, o\u00f9 notre \u00e9quipe en charge choisit toutes celles qui peuvent \u00eatre r\u00e9utilis\u00e9es au sein du Lodge et des ateliers. Tous nos h\u00f4tes participent \u00e0 ce programme lorsqu&rsquo;ils sont inform\u00e9s que plusieurs bacs de recyclage ont \u00e9t\u00e9 install\u00e9s dans les zones de loisirs.<\/span><\/p>\n<p><span style=\"font-weight: var( --e-global-typography-text-font-weight );\">Les aides financi\u00e8res ne sont pas le seul moyen dont dispose Las Terrazas De Dana Boutique Lodge &amp; Spa pour prot\u00e9ger la for\u00eat nuageuse de Mindo. Il existe \u00e9galement plusieurs actions visant \u00e0 r\u00e9duire l&#8217;empreinte carbone, et Las Terrazas De Dana Boutique Lodge &amp; Spa a mis en \u0153uvre certaines d&rsquo;entre elles :<\/span><\/p>\n<p><strong>Composter les d\u00e9chets alimentaires<\/strong><\/p>\n<p>Le compost que nous cr\u00e9ons est utilis\u00e9 comme engrais pour l&rsquo;am\u00e9nagement paysager. Nous aidons ainsi notre \u00e9cosyst\u00e8me tout en offrant \u00e0 nos clients de belles pelouses \u00e0 admirer.<\/p>\n<p><strong>Technologies efficaces et programme d&rsquo;\u00e9conomie d&rsquo;\u00e9nergie<\/strong><\/p>\n<p>Nous r\u00e9duisons notre empreinte carbone en utilisant, dans la mesure du possible, des \u00e9nergies alternatives et s\u00fbres, y compris des r\u00e9chauds pour aider les plats \u00e0 rester chauds pendant le service au restaurant et aliment\u00e9s par des \u00e9cobr\u00fbleurs.<\/p>\n<p><span style=\"font-weight: var( --e-global-typography-text-font-weight );\">Nos h\u00f4tes sont \u00e9galement inform\u00e9s et incit\u00e9s \u00e0 \u00e9conomiser l&rsquo;\u00e9nergie par une utilisation ad\u00e9quate de l&rsquo;\u00e9lectricit\u00e9, en leur demandant d&rsquo;\u00e9teindre les lumi\u00e8res, la t\u00e9l\u00e9vision, les ordinateurs et les baignoires lorsqu&rsquo;ils n&rsquo;en ont pas besoin. Notre personnel veille \u00e9galement \u00e0 ce que les lumi\u00e8res et tous les appareils \u00e9lectroniques soient \u00e9teints dans les bungalows lorsque nos clients n&rsquo;y sont pas.<\/span><\/p>\n<p><strong>R\u00e9duire le gaspillage d&rsquo;eau<\/strong><\/p>\n<p><span style=\"font-weight: var( --e-global-typography-text-font-weight );\">En contr\u00f4lant la temp\u00e9rature de l&rsquo;eau utilis\u00e9e pour le lavage, nous r\u00e9duisons l&rsquo;\u00e9nergie n\u00e9cessaire pour transporter l&rsquo;eau et l&rsquo;\u00e9lectricit\u00e9 n\u00e9cessaire pour la chauffer.<\/span><\/p>\n<p><span style=\"font-weight: var( --e-global-typography-text-font-weight );\">Les m\u00eames moyens utilis\u00e9s pour contr\u00f4ler le gaspillage d&rsquo;\u00e9nergie sont utilis\u00e9s pour \u00e9conomiser l&rsquo;eau et les clients et le personnel font \u00e9galement partie de ce programme.<\/span><\/p>\n<p><strong>Recycler et r\u00e9utiliser autant que possible<\/strong><\/p>\n<p><span style=\"font-weight: var( --e-global-typography-text-font-weight );\">Le recyclage et la r\u00e9utilisation des fournitures permettent de r\u00e9duire la quantit\u00e9 de d\u00e9chets produits par le Lodge. Il ne s&rsquo;agit pas seulement d&rsquo;utiliser des serviettes en tissu plut\u00f4t qu&rsquo;en papier, les produits fabriqu\u00e9s \u00e0 partir de plastiques ou de bois recycl\u00e9s &#8211; comme les conteneurs ou les meubles &#8211; sont un excellent moyen d&rsquo;introduire le recyclage dans notre activit\u00e9.<\/span><\/p>\n<p><strong>Acheter aupr\u00e8s d&rsquo;entreprises locales et durables<\/strong><\/p>\n<p><span style=\"font-weight: var( --e-global-typography-text-font-weight );\">Le transport des fournitures est l&rsquo;une des choses cach\u00e9es qui peut consid\u00e9rablement augmenter l&#8217;empreinte carbone de notre loge. Il faut beaucoup de carburant pour transporter les fournitures depuis les grandes villes. Des milliers de litres de carburant peuvent \u00eatre br\u00fbl\u00e9s au cours des ann\u00e9es de fonctionnement. En achetant localement et en soutenant l&rsquo;\u00e9conomie locale, nous r\u00e9duisons consid\u00e9rablement l&#8217;empreinte carbone de notre Loge. Nous soutenons \u00e9galement l&rsquo;\u00e9conomie locale, en soutenant les emplois locaux qui emploient la population locale. L&rsquo;achat local et durable r\u00e9duit la quantit\u00e9 de d\u00e9chets g\u00e9n\u00e9r\u00e9s par notre Lodge et stimule la r\u00e9gion locale.<\/span><\/p>\n<p><span style=\"font-weight: var( --e-global-typography-text-font-weight );\">Pour am\u00e9liorer notre communaut\u00e9, soutenir les entreprises priv\u00e9es et encourager un progr\u00e8s \u00e9conomique et social responsable, Las Terrazas De Dana Boutique Lodge &amp; Spa s&rsquo;approvisionne, dans la mesure du possible, aupr\u00e8s de la cha\u00eene d&rsquo;approvisionnement locale, offrant des relations productives et positives en payant des prix justes et en demandant l&rsquo;\u00e9galit\u00e9 et le respect mutuel.<\/span><\/p>\n<p><span style=\"font-weight: var( --e-global-typography-text-font-weight );\">Notre cha\u00eene d&rsquo;approvisionnement en produits et services fait appel, dans la mesure du possible, aux services de r\u00e9sidents locaux de la for\u00eat nuageuse de Mindo. Notre personnel est pay\u00e9 avec des salaires plus que comp\u00e9titifs, ce qui fait de nous la meilleure option pour travailler dans la r\u00e9gion, des horaires de travail flexibles, l&rsquo;\u00e9galit\u00e9 et des relations positives font que notre personnel se sent une partie importante de cette cha\u00eene.<\/span><\/p>\n<p><span style=\"font-weight: var( --e-global-typography-text-font-weight );\">Las Terrazas De Dana Boutique Lodge &amp; Spa est enfin fier d&rsquo;apporter son soutien financier aux services sociaux, \u00e9ducatifs et de garde d&rsquo;enfants passionn\u00e9s fournis par Salem Ecuador, un centre pour les enfants, les jeunes et la communaut\u00e9 situ\u00e9 dans la petite ville de Mindo Cloud Forest.<\/span><\/p>\n<p><span style=\"font-weight: var( --e-global-typography-text-font-weight );\">Ce centre est un lieu o\u00f9 les enfants peuvent profiter de leur enfance, apprendre, jouer et \u00eatre accept\u00e9s en tant que membres d&rsquo;une communaut\u00e9 aimante. Salem s&rsquo;occupe des enfants et des jeunes les plus d\u00e9favoris\u00e9s et \u00e0 risque du village. Ils leur offrent des soins affectueux et les aident \u00e0 trouver des solutions \u00e0 leurs probl\u00e8mes les plus urgents.<\/span><\/p>\n<p><span style=\"font-weight: var( --e-global-typography-text-font-weight );\">Salem s&rsquo;occupe de nos enfants dans le cadre de plusieurs programmes : garde d&rsquo;enfants et \u00e9ducation, travail avec les jeunes, formation continue, travail social et conseil familial, \u00e9cologie, sant\u00e9 et nutrition.<\/span><\/p>\n<p><span style=\"font-weight: var( --e-global-typography-text-font-weight );\">Tous les projets de Salem sont li\u00e9s par les valeurs communes de la paix et de l&rsquo;aide aux personnes dans le besoin. Ainsi, Salem travaille activement dans les points chauds de la plan\u00e8te pour aider les personnes en situation difficile, quelles que soient leurs croyances ou leur nationalit\u00e9. Le soutien que nous apportons \u00e0 Salem va des questions sociales, environnementales et sanitaires \u00e0 la nutrition, l&rsquo;\u00e9ducation et l&rsquo;aide au d\u00e9veloppement.<\/span><\/p>\t\t\t\t\t\t\t\t<\/div>\n\t\t\t\t<\/div>\n\t\t\t\t<\/div>\n\t\t\t\t<\/div>\n\t\t\t\t<\/div>\n\t\t","protected":false},"excerpt":{"rendered":"<p>Durabilit\u00e9 et responsabilit\u00e9 Las Terrazas de Dana Exp\u00e9rience durable et responsable Promouvoir des politiques et des pratiques de tourisme responsable afin que les communaut\u00e9s locales puissent prosp\u00e9rer et pr\u00e9server leurs ressources culturelles et leur biodiversit\u00e9, telle est la mission du Center for Responsible Travel (CREST). Le Center for Responsible Travel (CREST) est un organisme de [&hellip;]<\/p>\n","protected":false},"author":2,"featured_media":0,"parent":16331,"menu_order":0,"comment_status":"closed","ping_status":"closed","template":"","meta":{"footnotes":""},"class_list":["post-16548","page","type-page","status-publish","hentry"],"_links":{"self":[{"href":"https:\/\/staging6.lasterrazasdedana.com\/fr\/wp-json\/wp\/v2\/pages\/16548","targetHints":{"allow":["GET"]}}],"collection":[{"href":"https:\/\/staging6.lasterrazasdedana.com\/fr\/wp-json\/wp\/v2\/pages"}],"about":[{"href":"https:\/\/staging6.lasterrazasdedana.com\/fr\/wp-json\/wp\/v2\/types\/page"}],"author":[{"embeddable":true,"href":"https:\/\/staging6.lasterrazasdedana.com\/fr\/wp-json\/wp\/v2\/users\/2"}],"replies":[{"embeddable":true,"href":"https:\/\/staging6.lasterrazasdedana.com\/fr\/wp-json\/wp\/v2\/comments?post=16548"}],"version-history":[{"count":13,"href":"https:\/\/staging6.lasterrazasdedana.com\/fr\/wp-json\/wp\/v2\/pages\/16548\/revisions"}],"predecessor-version":[{"id":16573,"href":"https:\/\/staging6.lasterrazasdedana.com\/fr\/wp-json\/wp\/v2\/pages\/16548\/revisions\/16573"}],"up":[{"embeddable":true,"href":"https:\/\/staging6.lasterrazasdedana.com\/fr\/wp-json\/wp\/v2\/pages\/16331"}],"wp:attachment":[{"href":"https:\/\/staging6.lasterrazasdedana.com\/fr\/wp-json\/wp\/v2\/media?parent=16548"}],"curies":[{"name":"wp","href":"https:\/\/api.w.org\/{rel}","templated":true}]}}