{"id":16411,"date":"2024-10-20T11:13:34","date_gmt":"2024-10-20T16:13:34","guid":{"rendered":"https:\/\/staging6.lasterrazasdedana.com\/?page_id=16411"},"modified":"2024-10-20T11:24:33","modified_gmt":"2024-10-20T16:24:33","slug":"demi-journee-dobservation-des-oiseaux-a-choco","status":"publish","type":"page","link":"https:\/\/staging6.lasterrazasdedana.com\/fr\/demi-journee-dobservation-des-oiseaux-a-choco\/","title":{"rendered":"Half Day Choco Birding Tour"},"content":{"rendered":"\t\t<div data-elementor-type=\"wp-page\" data-elementor-id=\"16411\" class=\"elementor elementor-16411 elementor-10231\" data-elementor-post-type=\"page\">\n\t\t\t\t<div class=\"elementor-element elementor-element-333bb20 e-flex e-con-boxed e-con e-parent\" data-id=\"333bb20\" data-element_type=\"container\" data-settings=\"{&quot;background_background&quot;:&quot;classic&quot;}\">\n\t\t\t\t\t<div class=\"e-con-inner\">\n\t\t<div class=\"elementor-element elementor-element-f7441db e-con-full e-flex e-con e-child\" data-id=\"f7441db\" data-element_type=\"container\">\n\t\t\t\t<div class=\"elementor-element elementor-element-f659406 elementor-headline--style-highlight elementor-widget elementor-widget-animated-headline\" data-id=\"f659406\" data-element_type=\"widget\" data-settings=\"{&quot;marker&quot;:&quot;underline&quot;,&quot;highlighted_text&quot;:&quot;DEMI-JOURN\\u00c9E&quot;,&quot;headline_style&quot;:&quot;highlight&quot;,&quot;loop&quot;:&quot;yes&quot;,&quot;highlight_animation_duration&quot;:1200,&quot;highlight_iteration_delay&quot;:8000}\" data-widget_type=\"animated-headline.default\">\n\t\t\t\t<div class=\"elementor-widget-container\">\n\t\t\t\t\t\t\t<h1 class=\"elementor-headline\">\n\t\t\t\t<span class=\"elementor-headline-dynamic-wrapper elementor-headline-text-wrapper\">\n\t\t\t\t\t<span class=\"elementor-headline-dynamic-text elementor-headline-text-active\">DEMI-JOURN\u00c9E<\/span>\n\t\t\t\t<\/span>\n\t\t\t\t\t<span class=\"elementor-headline-plain-text elementor-headline-text-wrapper\">D'OBSERVATION DES OISEAUX DE CHOCO<\/span>\n\t\t\t\t\t<\/h1>\n\t\t\t\t\t\t<\/div>\n\t\t\t\t<\/div>\n\t\t\t\t<div class=\"elementor-element elementor-element-ebfd7dd elementor-widget elementor-widget-heading\" data-id=\"ebfd7dd\" data-element_type=\"widget\" data-widget_type=\"heading.default\">\n\t\t\t\t<div class=\"elementor-widget-container\">\n\t\t\t\t\t<h2 class=\"elementor-heading-title elementor-size-default\">PRIX: $240<\/h2>\t\t\t\t<\/div>\n\t\t\t\t<\/div>\n\t\t\t\t<div class=\"elementor-element elementor-element-f78ce7d elementor-widget elementor-widget-text-editor\" data-id=\"f78ce7d\" data-element_type=\"widget\" data-widget_type=\"text-editor.default\">\n\t\t\t\t<div class=\"elementor-widget-container\">\n\t\t\t\t\t\t\t\t\t<p>* Jusqu&rsquo;\u00e0 2 personnes PRIX TOTAL.<\/p><p>TROIS INVIT\u00c9S : 290 $<\/p><p>QUATRE invit\u00e9s : 360 $<\/p>\t\t\t\t\t\t\t\t<\/div>\n\t\t\t\t<\/div>\n\t\t\t\t<div class=\"elementor-element elementor-element-ecd3bde elementor-icon-list--layout-traditional elementor-list-item-link-full_width elementor-widget elementor-widget-icon-list\" data-id=\"ecd3bde\" data-element_type=\"widget\" data-widget_type=\"icon-list.default\">\n\t\t\t\t<div class=\"elementor-widget-container\">\n\t\t\t\t\t\t\t<ul class=\"elementor-icon-list-items\">\n\t\t\t\t\t\t\t<li class=\"elementor-icon-list-item\">\n\t\t\t\t\t\t\t\t\t\t\t<span class=\"elementor-icon-list-icon\">\n\t\t\t\t\t\t\t<i aria-hidden=\"true\" class=\"fas fa-check\"><\/i>\t\t\t\t\t\t<\/span>\n\t\t\t\t\t\t\t\t\t\t<span class=\"elementor-icon-list-text\">Prise en charge au lodge \u00e0 5h20<\/span>\n\t\t\t\t\t\t\t\t\t<\/li>\n\t\t\t\t\t\t\t\t<li class=\"elementor-icon-list-item\">\n\t\t\t\t\t\t\t\t\t\t\t<span class=\"elementor-icon-list-icon\">\n\t\t\t\t\t\t\t<i aria-hidden=\"true\" class=\"fas fa-check\"><\/i>\t\t\t\t\t\t<\/span>\n\t\t\t\t\t\t\t\t\t\t<span class=\"elementor-icon-list-text\">Guide ornithologique priv\u00e9 et transport<\/span>\n\t\t\t\t\t\t\t\t\t<\/li>\n\t\t\t\t\t\t\t\t<li class=\"elementor-icon-list-item\">\n\t\t\t\t\t\t\t\t\t\t\t<span class=\"elementor-icon-list-icon\">\n\t\t\t\t\t\t\t<i aria-hidden=\"true\" class=\"fas fa-check\"><\/i>\t\t\t\t\t\t<\/span>\n\t\t\t\t\t\t\t\t\t\t<span class=\"elementor-icon-list-text\">Coffret petit-d\u00e9jeuner complet<\/span>\n\t\t\t\t\t\t\t\t\t<\/li>\n\t\t\t\t\t\t\t\t<li class=\"elementor-icon-list-item\">\n\t\t\t\t\t\t\t\t\t\t\t<span class=\"elementor-icon-list-icon\">\n\t\t\t\t\t\t\t<i aria-hidden=\"true\" class=\"fas fa-check\"><\/i>\t\t\t\t\t\t<\/span>\n\t\t\t\t\t\t\t\t\t\t<span class=\"elementor-icon-list-text\">Tickets pour 2 points d'observation des oiseaux et de photographie<\/span>\n\t\t\t\t\t\t\t\t\t<\/li>\n\t\t\t\t\t\t\t\t<li class=\"elementor-icon-list-item\">\n\t\t\t\t\t\t\t\t\t\t\t<span class=\"elementor-icon-list-icon\">\n\t\t\t\t\t\t\t<i aria-hidden=\"true\" class=\"fas fa-check\"><\/i>\t\t\t\t\t\t<\/span>\n\t\t\t\t\t\t\t\t\t\t<span class=\"elementor-icon-list-text\">Liste des oiseaux observ\u00e9s<\/span>\n\t\t\t\t\t\t\t\t\t<\/li>\n\t\t\t\t\t\t\t\t<li class=\"elementor-icon-list-item\">\n\t\t\t\t\t\t\t\t\t\t\t<span class=\"elementor-icon-list-icon\">\n\t\t\t\t\t\t\t<i aria-hidden=\"true\" class=\"fas fa-check\"><\/i>\t\t\t\t\t\t<\/span>\n\t\t\t\t\t\t\t\t\t\t<span class=\"elementor-icon-list-text\">Consultation d'un guide pendant et apr\u00e8s la visite<\/span>\n\t\t\t\t\t\t\t\t\t<\/li>\n\t\t\t\t\t\t\t\t<li class=\"elementor-icon-list-item\">\n\t\t\t\t\t\t\t\t\t\t\t<span class=\"elementor-icon-list-icon\">\n\t\t\t\t\t\t\t<i aria-hidden=\"true\" class=\"fas fa-check\"><\/i>\t\t\t\t\t\t<\/span>\n\t\t\t\t\t\t\t\t\t\t<span class=\"elementor-icon-list-text\">Dur\u00e9e approximative : 5 heures<\/span>\n\t\t\t\t\t\t\t\t\t<\/li>\n\t\t\t\t\t\t\t\t<li class=\"elementor-icon-list-item\">\n\t\t\t\t\t\t\t\t\t\t\t<span class=\"elementor-icon-list-icon\">\n\t\t\t\t\t\t\t<i aria-hidden=\"true\" class=\"fas fa-check\"><\/i>\t\t\t\t\t\t<\/span>\n\t\t\t\t\t\t\t\t\t\t<span class=\"elementor-icon-list-text\">Difficult\u00e9 : facile<\/span>\n\t\t\t\t\t\t\t\t\t<\/li>\n\t\t\t\t\t\t<\/ul>\n\t\t\t\t\t\t<\/div>\n\t\t\t\t<\/div>\n\t\t\t\t<div class=\"elementor-element elementor-element-90b5b51 elementor-widget elementor-widget-text-editor\" data-id=\"90b5b51\" data-element_type=\"widget\" data-widget_type=\"text-editor.default\">\n\t\t\t\t<div class=\"elementor-widget-container\">\n\t\t\t\t\t\t\t\t\t<img decoding=\"async\" class=\" wp-image-10288 alignleft\" src=\"http:\/\/staging6.lasterrazasdedana.com\/wp-content\/uploads\/2023\/10\/Fa-Team-Fontawesome-FontAwesome-Check.512-300x300.png\" alt=\"\" width=\"17\" height=\"17\" data-wp-editing=\"1\" title=\"\">Oiseaux que vous pourriez voir: <span style=\"color: #d68b08;\">Toucan Barbet, Andean Cock-of-the-Rock, Plate Billed Mountain Toucan<\/span>, Blue Winged Mountain Tanager, White-booted Racket Tail, Violet-tailed Sylph\t\t\t\t\t\t\t\t<\/div>\n\t\t\t\t<\/div>\n\t\t\t\t<\/div>\n\t\t<div class=\"elementor-element elementor-element-cc33133 e-con-full e-flex e-con e-child\" data-id=\"cc33133\" data-element_type=\"container\">\n\t\t\t\t<div class=\"elementor-element elementor-element-b30ffb7 elementor-widget elementor-widget-spacer\" data-id=\"b30ffb7\" data-element_type=\"widget\" data-widget_type=\"spacer.default\">\n\t\t\t\t<div class=\"elementor-widget-container\">\n\t\t\t\t\t\t\t<div class=\"elementor-spacer\">\n\t\t\t<div class=\"elementor-spacer-inner\"><\/div>\n\t\t<\/div>\n\t\t\t\t\t\t<\/div>\n\t\t\t\t<\/div>\n\t\t\t\t<\/div>\n\t\t\t\t\t<\/div>\n\t\t\t\t<\/div>\n\t\t<div class=\"elementor-element elementor-element-2a4c653 e-flex e-con-boxed e-con e-parent\" data-id=\"2a4c653\" data-element_type=\"container\" data-settings=\"{&quot;background_background&quot;:&quot;classic&quot;}\">\n\t\t\t\t\t<div class=\"e-con-inner\">\n\t\t<div class=\"elementor-element elementor-element-4f60024 e-con-full e-flex e-con e-child\" data-id=\"4f60024\" data-element_type=\"container\">\n\t\t\t\t<div class=\"elementor-element elementor-element-e929aca elementor-widget elementor-widget-text-editor\" data-id=\"e929aca\" data-element_type=\"widget\" data-widget_type=\"text-editor.default\">\n\t\t\t\t<div class=\"elementor-widget-container\">\n\t\t\t\t\t\t\t\t\t<p><strong>Embarquez pour une demi-journ\u00e9e d&rsquo;observation des oiseaux dans le Choc\u00f3<\/strong><\/p><p>D\u00e9couvrez la beaut\u00e9 in\u00e9gal\u00e9e du Choc\u00f3, en \u00c9quateur, avec notre demi-journ\u00e9e d&rsquo;observation des oiseaux du Choc\u00f3 &#8211; un voyage immersif au c\u0153ur de l&rsquo;un des points chauds de la biodiversit\u00e9 mondiale. Au prix de 240 dollars pour deux personnes maximum, cette exp\u00e9rience exclusive promet une rencontre enchanteresse avec les merveilles aviaires de la r\u00e9gion.<\/p><p><strong>Des prix adapt\u00e9s \u00e0 chaque taille de groupe :<\/strong><\/p><p><br \/>&#8211; TROIS PERSONNES : \u00c9largissez votre aventure pour accueillir un plus grand groupe pour 290 $.<br \/>&#8211; QUATRE INVIT\u00c9S : Pour une exp\u00e9rience plus communautaire, r\u00e9unissez trois compagnons pour un co\u00fbt total de 360 $.<\/p><p>Notre structure tarifaire est flexible, ce qui vous permet de cr\u00e9er l&rsquo;exp\u00e9rience ornithologique parfaite pour votre groupe.<\/p><p><strong>L&rsquo;itin\u00e9raire d\u00e9voil\u00e9:<\/strong><\/p><p>Votre aventure commence par une prise en charge rapide au lodge \u00e0 5h20 du matin, afin de vous permettre de profiter de la magie de l&rsquo;aube et de l&rsquo;\u00e9veil du monde aviaire. Un guide ornithologue priv\u00e9 et un moyen de transport confortable sont \u00e0 votre disposition pour vous assurer une exploration agr\u00e9able et sans faille des divers \u00e9cosyst\u00e8mes du Choc\u00f3 andin.<\/p><p>Pour alimenter votre voyage, une d\u00e9licieuse bo\u00eete de petit-d\u00e9jeuner complet est fournie, qui vous permettra de vous sustenter pendant que vous vous enfoncez dans les paysages luxuriants. L&rsquo;excursion comprend des billets pour deux points d&rsquo;observation des oiseaux et de photographie soigneusement s\u00e9lectionn\u00e9s, chacun offrant une perspective unique sur les habitants \u00e0 plumes du Choc\u00f3 andin.<\/p><p><strong>Conseils d&rsquo;experts et suivi:<\/strong><\/p><p>Tout au long de l&rsquo;excursion, votre guide ornithologue priv\u00e9 ne se contentera pas d&rsquo;enrichir votre exp\u00e9rience en vous donnant des informations sur les merveilles aviaires, mais il vous fournira \u00e9galement une liste des oiseaux observ\u00e9s, ce qui vous permettra de constituer un dossier personnalis\u00e9 de votre aventure.<\/p><p><strong>Dur\u00e9e, difficult\u00e9 et esp\u00e8ces embl\u00e9matiques:<\/strong><\/p><p>La dur\u00e9e approximative de l&rsquo;excursion est de 5 heures, ce qui vous laisse amplement le temps de vous immerger dans les paysages \u00e0 couper le souffle et d&rsquo;immortaliser des moments inoubliables. D&rsquo;un niveau de difficult\u00e9 facile, cette excursion convient \u00e0 tous les niveaux d&rsquo;observation des oiseaux.<\/p><p>Le guide ornithologique garantit une exp\u00e9rience sans faille, synonyme de qualit\u00e9 et d&rsquo;excellence. L&rsquo;excursion ornithologique dans le Choc\u00f3 offre la possibilit\u00e9 d&rsquo;observer des esp\u00e8ces embl\u00e9matiques, telles que l&rsquo;impressionnant Toucan Barbet, le flamboyant Coq des Andes, le majestueux Toucan des montagnes \u00e0 bec plat, le vibrant Tangara des montagnes \u00e0 ailes bleues, l&rsquo;\u00e9l\u00e9gant Racket Tail \u00e0 pieds blancs, et le captivant Sylphide \u00e0 queue violette.<\/p><p>Embarquez pour cette aventure d&rsquo;une demi-journ\u00e9e, o\u00f9 chaque instant est une c\u00e9l\u00e9bration des tr\u00e9sors aviaires du Choc\u00f3!<\/p>\t\t\t\t\t\t\t\t<\/div>\n\t\t\t\t<\/div>\n\t\t\t\t<\/div>\n\t\t<div class=\"elementor-element elementor-element-549f0dd e-con-full e-flex e-con e-child\" data-id=\"549f0dd\" data-element_type=\"container\">\n\t\t\t\t<div class=\"elementor-element elementor-element-576f0ca elementor-widget elementor-widget-spacer\" data-id=\"576f0ca\" data-element_type=\"widget\" data-widget_type=\"spacer.default\">\n\t\t\t\t<div class=\"elementor-widget-container\">\n\t\t\t\t\t\t\t<div class=\"elementor-spacer\">\n\t\t\t<div class=\"elementor-spacer-inner\"><\/div>\n\t\t<\/div>\n\t\t\t\t\t\t<\/div>\n\t\t\t\t<\/div>\n\t\t\t\t<\/div>\n\t\t\t\t\t<\/div>\n\t\t\t\t<\/div>\n\t\t\t\t<\/div>\n\t\t","protected":false},"excerpt":{"rendered":"<p>DEMI-JOURN\u00c9E D&rsquo;OBSERVATION DES OISEAUX DE CHOCO PRIX: $240 * Jusqu&rsquo;\u00e0 2 personnes PRIX TOTAL. TROIS INVIT\u00c9S : 290 $ QUATRE invit\u00e9s : 360 $ Prise en charge au lodge \u00e0 5h20 Guide ornithologique priv\u00e9 et transport Coffret petit-d\u00e9jeuner complet Tickets pour 2 points d&rsquo;observation des oiseaux et de photographie Liste des oiseaux observ\u00e9s Consultation d&rsquo;un [&hellip;]<\/p>\n","protected":false},"author":2,"featured_media":16414,"parent":0,"menu_order":0,"comment_status":"closed","ping_status":"closed","template":"elementor_header_footer","meta":{"footnotes":""},"class_list":["post-16411","page","type-page","status-publish","has-post-thumbnail","hentry"],"_links":{"self":[{"href":"https:\/\/staging6.lasterrazasdedana.com\/fr\/wp-json\/wp\/v2\/pages\/16411","targetHints":{"allow":["GET"]}}],"collection":[{"href":"https:\/\/staging6.lasterrazasdedana.com\/fr\/wp-json\/wp\/v2\/pages"}],"about":[{"href":"https:\/\/staging6.lasterrazasdedana.com\/fr\/wp-json\/wp\/v2\/types\/page"}],"author":[{"embeddable":true,"href":"https:\/\/staging6.lasterrazasdedana.com\/fr\/wp-json\/wp\/v2\/users\/2"}],"replies":[{"embeddable":true,"href":"https:\/\/staging6.lasterrazasdedana.com\/fr\/wp-json\/wp\/v2\/comments?post=16411"}],"version-history":[{"count":11,"href":"https:\/\/staging6.lasterrazasdedana.com\/fr\/wp-json\/wp\/v2\/pages\/16411\/revisions"}],"predecessor-version":[{"id":16424,"href":"https:\/\/staging6.lasterrazasdedana.com\/fr\/wp-json\/wp\/v2\/pages\/16411\/revisions\/16424"}],"wp:featuredmedia":[{"embeddable":true,"href":"https:\/\/staging6.lasterrazasdedana.com\/fr\/wp-json\/wp\/v2\/media\/16414"}],"wp:attachment":[{"href":"https:\/\/staging6.lasterrazasdedana.com\/fr\/wp-json\/wp\/v2\/media?parent=16411"}],"curies":[{"name":"wp","href":"https:\/\/api.w.org\/{rel}","templated":true}]}}