{"id":16393,"date":"2024-10-20T10:37:12","date_gmt":"2024-10-20T15:37:12","guid":{"rendered":"https:\/\/staging6.lasterrazasdedana.com\/?page_id=16393"},"modified":"2024-10-20T10:59:45","modified_gmt":"2024-10-20T15:59:45","slug":"demi-journee-dornithologie-a-mindo","status":"publish","type":"page","link":"https:\/\/staging6.lasterrazasdedana.com\/fr\/demi-journee-dornithologie-a-mindo\/","title":{"rendered":"Half day Birding Tour in Mindo"},"content":{"rendered":"\t\t<div data-elementor-type=\"wp-post\" data-elementor-id=\"16393\" class=\"elementor elementor-16393 elementor-4644\" data-elementor-post-type=\"page\">\n\t\t\t\t<div class=\"elementor-element elementor-element-c073fad e-flex e-con-boxed e-con e-parent\" data-id=\"c073fad\" data-element_type=\"container\" data-settings=\"{&quot;background_background&quot;:&quot;classic&quot;}\">\n\t\t\t\t\t<div class=\"e-con-inner\">\n\t\t<div class=\"elementor-element elementor-element-208a6cd e-con-full e-flex e-con e-child\" data-id=\"208a6cd\" data-element_type=\"container\">\n\t\t\t\t<div class=\"elementor-element elementor-element-cc1e9b9 elementor-headline--style-highlight elementor-widget elementor-widget-animated-headline\" data-id=\"cc1e9b9\" data-element_type=\"widget\" data-settings=\"{&quot;marker&quot;:&quot;underline&quot;,&quot;highlighted_text&quot;:&quot;DEMI-JOURN\\u00c9E&quot;,&quot;headline_style&quot;:&quot;highlight&quot;,&quot;loop&quot;:&quot;yes&quot;,&quot;highlight_animation_duration&quot;:1200,&quot;highlight_iteration_delay&quot;:8000}\" data-widget_type=\"animated-headline.default\">\n\t\t\t\t<div class=\"elementor-widget-container\">\n\t\t\t\t\t\t\t<h1 class=\"elementor-headline\">\n\t\t\t\t<span class=\"elementor-headline-dynamic-wrapper elementor-headline-text-wrapper\">\n\t\t\t\t\t<span class=\"elementor-headline-dynamic-text elementor-headline-text-active\">DEMI-JOURN\u00c9E<\/span>\n\t\t\t\t<\/span>\n\t\t\t\t\t<span class=\"elementor-headline-plain-text elementor-headline-text-wrapper\">D'OBSERVATION DES OISEAUX \u00c0 MINDO<\/span>\n\t\t\t\t\t<\/h1>\n\t\t\t\t\t\t<\/div>\n\t\t\t\t<\/div>\n\t\t\t\t<div class=\"elementor-element elementor-element-1fc3cb9 elementor-widget elementor-widget-heading\" data-id=\"1fc3cb9\" data-element_type=\"widget\" data-widget_type=\"heading.default\">\n\t\t\t\t<div class=\"elementor-widget-container\">\n\t\t\t\t\t<h2 class=\"elementor-heading-title elementor-size-default\">PRIX: 95$<\/h2>\t\t\t\t<\/div>\n\t\t\t\t<\/div>\n\t\t\t\t<div class=\"elementor-element elementor-element-917e9ce elementor-widget elementor-widget-text-editor\" data-id=\"917e9ce\" data-element_type=\"widget\" data-widget_type=\"text-editor.default\">\n\t\t\t\t<div class=\"elementor-widget-container\">\n\t\t\t\t\t\t\t\t\t<p>* Jusqu&rsquo;\u00e0 2 personnes PRIX TOTAL.<\/p><p>TROIS INVIT\u00c9S : 115 $<\/p><p>QUATRE invit\u00e9s : 130 $<\/p>\t\t\t\t\t\t\t\t<\/div>\n\t\t\t\t<\/div>\n\t\t\t\t<div class=\"elementor-element elementor-element-110ab73 elementor-icon-list--layout-traditional elementor-list-item-link-full_width elementor-widget elementor-widget-icon-list\" data-id=\"110ab73\" data-element_type=\"widget\" data-widget_type=\"icon-list.default\">\n\t\t\t\t<div class=\"elementor-widget-container\">\n\t\t\t\t\t\t\t<ul class=\"elementor-icon-list-items\">\n\t\t\t\t\t\t\t<li class=\"elementor-icon-list-item\">\n\t\t\t\t\t\t\t\t\t\t\t<span class=\"elementor-icon-list-icon\">\n\t\t\t\t\t\t\t<i aria-hidden=\"true\" class=\"fas fa-check\"><\/i>\t\t\t\t\t\t<\/span>\n\t\t\t\t\t\t\t\t\t\t<span class=\"elementor-icon-list-text\">Prise en charge au lodge \u00e0 6h00<\/span>\n\t\t\t\t\t\t\t\t\t<\/li>\n\t\t\t\t\t\t\t\t<li class=\"elementor-icon-list-item\">\n\t\t\t\t\t\t\t\t\t\t\t<span class=\"elementor-icon-list-icon\">\n\t\t\t\t\t\t\t<i aria-hidden=\"true\" class=\"fas fa-check\"><\/i>\t\t\t\t\t\t<\/span>\n\t\t\t\t\t\t\t\t\t\t<span class=\"elementor-icon-list-text\">Guide priv\u00e9 d'observation des oiseaux<\/span>\n\t\t\t\t\t\t\t\t\t<\/li>\n\t\t\t\t\t\t\t\t<li class=\"elementor-icon-list-item\">\n\t\t\t\t\t\t\t\t\t\t\t<span class=\"elementor-icon-list-icon\">\n\t\t\t\t\t\t\t<i aria-hidden=\"true\" class=\"fas fa-check\"><\/i>\t\t\t\t\t\t<\/span>\n\t\t\t\t\t\t\t\t\t\t<span class=\"elementor-icon-list-text\">Lunettes d'approche et jumelles<\/span>\n\t\t\t\t\t\t\t\t\t<\/li>\n\t\t\t\t\t\t\t\t<li class=\"elementor-icon-list-item\">\n\t\t\t\t\t\t\t\t\t\t\t<span class=\"elementor-icon-list-icon\">\n\t\t\t\t\t\t\t<i aria-hidden=\"true\" class=\"fas fa-check\"><\/i>\t\t\t\t\t\t<\/span>\n\t\t\t\t\t\t\t\t\t\t<span class=\"elementor-icon-list-text\">Transport priv\u00e9 vers une zone sup\u00e9rieure de Mindo<\/span>\n\t\t\t\t\t\t\t\t\t<\/li>\n\t\t\t\t\t\t\t\t<li class=\"elementor-icon-list-item\">\n\t\t\t\t\t\t\t\t\t\t\t<span class=\"elementor-icon-list-icon\">\n\t\t\t\t\t\t\t<i aria-hidden=\"true\" class=\"fas fa-check\"><\/i>\t\t\t\t\t\t<\/span>\n\t\t\t\t\t\t\t\t\t\t<span class=\"elementor-icon-list-text\">Petit-d\u00e9jeuner livr\u00e9 la veille au soir<\/span>\n\t\t\t\t\t\t\t\t\t<\/li>\n\t\t\t\t\t\t\t\t<li class=\"elementor-icon-list-item\">\n\t\t\t\t\t\t\t\t\t\t\t<span class=\"elementor-icon-list-icon\">\n\t\t\t\t\t\t\t<i aria-hidden=\"true\" class=\"fas fa-check\"><\/i>\t\t\t\t\t\t<\/span>\n\t\t\t\t\t\t\t\t\t\t<span class=\"elementor-icon-list-text\">Liste des oiseaux observ\u00e9s<\/span>\n\t\t\t\t\t\t\t\t\t<\/li>\n\t\t\t\t\t\t\t\t<li class=\"elementor-icon-list-item\">\n\t\t\t\t\t\t\t\t\t\t\t<span class=\"elementor-icon-list-icon\">\n\t\t\t\t\t\t\t<i aria-hidden=\"true\" class=\"fas fa-check\"><\/i>\t\t\t\t\t\t<\/span>\n\t\t\t\t\t\t\t\t\t\t<span class=\"elementor-icon-list-text\">Consultation d'un guide pendant et apr\u00e8s la visite<\/span>\n\t\t\t\t\t\t\t\t\t<\/li>\n\t\t\t\t\t\t\t\t<li class=\"elementor-icon-list-item\">\n\t\t\t\t\t\t\t\t\t\t\t<span class=\"elementor-icon-list-icon\">\n\t\t\t\t\t\t\t<i aria-hidden=\"true\" class=\"fas fa-check\"><\/i>\t\t\t\t\t\t<\/span>\n\t\t\t\t\t\t\t\t\t\t<span class=\"elementor-icon-list-text\">Dur\u00e9e approximative : 3 1\/2 heures<\/span>\n\t\t\t\t\t\t\t\t\t<\/li>\n\t\t\t\t\t\t\t\t<li class=\"elementor-icon-list-item\">\n\t\t\t\t\t\t\t\t\t\t\t<span class=\"elementor-icon-list-icon\">\n\t\t\t\t\t\t\t<i aria-hidden=\"true\" class=\"fas fa-check\"><\/i>\t\t\t\t\t\t<\/span>\n\t\t\t\t\t\t\t\t\t\t<span class=\"elementor-icon-list-text\">Difficult\u00e9 : facile<\/span>\n\t\t\t\t\t\t\t\t\t<\/li>\n\t\t\t\t\t\t\t\t<li class=\"elementor-icon-list-item\">\n\t\t\t\t\t\t\t\t\t\t\t<span class=\"elementor-icon-list-icon\">\n\t\t\t\t\t\t\t<i aria-hidden=\"true\" class=\"fas fa-check\"><\/i>\t\t\t\t\t\t<\/span>\n\t\t\t\t\t\t\t\t\t\t<span class=\"elementor-icon-list-text\">Petit-d\u00e9jeuner correct dans notre restaurant apr\u00e8s la visite<\/span>\n\t\t\t\t\t\t\t\t\t<\/li>\n\t\t\t\t\t\t<\/ul>\n\t\t\t\t\t\t<\/div>\n\t\t\t\t<\/div>\n\t\t\t\t<div class=\"elementor-element elementor-element-1e262b4 elementor-widget elementor-widget-text-editor\" data-id=\"1e262b4\" data-element_type=\"widget\" data-widget_type=\"text-editor.default\">\n\t\t\t\t<div class=\"elementor-widget-container\">\n\t\t\t\t\t\t\t\t\t<p><img decoding=\"async\" class=\" wp-image-10288 alignleft\" src=\"http:\/\/staging6.lasterrazasdedana.com\/wp-content\/uploads\/2023\/10\/Fa-Team-Fontawesome-FontAwesome-Check.512-300x300.png\" alt=\"\" width=\"17\" height=\"17\" data-wp-editing=\"1\" title=\"\">Oiseaux que vous pourriez voir: <span style=\"color: #d68b08;\">Yellow-throated Toucan, Choco Toucan, Golden-headed Quetzal, Collared Aracari<\/span>, Rufous Motmot, Crested Guan, Bronze-winged Parrot, Scaled Fruiteater, Tanagers, Woodpeckers<\/p>\t\t\t\t\t\t\t\t<\/div>\n\t\t\t\t<\/div>\n\t\t\t\t<\/div>\n\t\t<div class=\"elementor-element elementor-element-bd24af9 e-con-full e-flex e-con e-child\" data-id=\"bd24af9\" data-element_type=\"container\">\n\t\t\t\t<div class=\"elementor-element elementor-element-8bb644b elementor-widget elementor-widget-spacer\" data-id=\"8bb644b\" data-element_type=\"widget\" data-widget_type=\"spacer.default\">\n\t\t\t\t<div class=\"elementor-widget-container\">\n\t\t\t\t\t\t\t<div class=\"elementor-spacer\">\n\t\t\t<div class=\"elementor-spacer-inner\"><\/div>\n\t\t<\/div>\n\t\t\t\t\t\t<\/div>\n\t\t\t\t<\/div>\n\t\t\t\t<\/div>\n\t\t\t\t\t<\/div>\n\t\t\t\t<\/div>\n\t\t<div class=\"elementor-element elementor-element-5c4d1d4 e-flex e-con-boxed e-con e-parent\" data-id=\"5c4d1d4\" data-element_type=\"container\" data-settings=\"{&quot;background_background&quot;:&quot;classic&quot;}\">\n\t\t\t\t\t<div class=\"e-con-inner\">\n\t\t<div class=\"elementor-element elementor-element-0f61b53 e-con-full e-flex e-con e-child\" data-id=\"0f61b53\" data-element_type=\"container\">\n\t\t\t\t<div class=\"elementor-element elementor-element-8f49dd5 elementor-widget elementor-widget-text-editor\" data-id=\"8f49dd5\" data-element_type=\"widget\" data-widget_type=\"text-editor.default\">\n\t\t\t\t<div class=\"elementor-widget-container\">\n\t\t\t\t\t\t\t\t\t<p><strong>DEMI-JOURN\u00c9E D&rsquo;OBSERVATION DES OISEAUX \u00c0 MINDO<\/strong><\/p><p>Embarquez pour une aventure ornithologique enchanteresse au c\u0153ur de Mindo, en \u00c9quateur, o\u00f9 les paysages luxuriants et les diverses esp\u00e8ces aviaires attendent votre d\u00e9couverte ! Notre exp\u00e9rience d&rsquo;observation des oiseaux, soigneusement pr\u00e9par\u00e9e, promet non seulement un festin visuel de plumes vibrantes, mais aussi un voyage immersif dans le royaume des merveilles de la nature.<\/p><p><strong>PRIX:<\/strong><\/p><p>\u00c0 un prix abordable de 95 $, notre forfait d&rsquo;observation des oiseaux s&rsquo;adresse \u00e0 un duo de passionn\u00e9s de la nature, ce qui garantit une rencontre intime et personnalis\u00e9e avec l&rsquo;avifaune de la r\u00e9gion. Le prix total couvre les deux participants, ce qui vous permet de partager les moments d&rsquo;\u00e9merveillement avec votre compagnon amateur d&rsquo;oiseaux. Pour ceux qui recherchent une exp\u00e9rience plus communautaire, nous offrons la possibilit\u00e9 d&rsquo;agrandir votre groupe :<\/p><p>&#8211; TROIS PERSONNES : Explorez les merveilles aviaires de Mindo avec deux compagnons pour un co\u00fbt total de 115 $.<br \/>&#8211; QUATRE INVIT\u00c9S : Faites profiter un plus grand groupe des joies de l&rsquo;observation des oiseaux pour un prix total de 130 $.<\/p><p>Notre tarification transparente vous permet d&rsquo;adapter votre exp\u00e9rience \u00e0 la taille de votre groupe et la rend accessible \u00e0 tous les amoureux de la nature.<\/p><p><strong>ITIN\u00c9RAIRE:<\/strong><\/p><p>L&rsquo;aventure commence par une prise en charge au lodge \u00e0 l&rsquo;heure rafra\u00eechissante de 6h00. Cela donne le ton d&rsquo;une journ\u00e9e remplie de merveilles naturelles. Un guide ornithologue priv\u00e9 vous accompagnera tout au long du voyage, vous donnant un aper\u00e7u des comportements fascinants et des caract\u00e9ristiques des diverses esp\u00e8ces d&rsquo;oiseaux que vous rencontrerez.<\/p><p>Arm\u00e9 d&rsquo;une lunette d&rsquo;observation et de jumelles haut de gamme, vous serez t\u00e9moin de la complexit\u00e9 de la vie aviaire. De plus, vous pourrez capturer des moments qui resteront grav\u00e9s dans votre m\u00e9moire. Le voyage vers une zone sup\u00e9rieure de Mindo est facilit\u00e9 par un transport priv\u00e9, ce qui garantit un transport confortable et sans heurts entre le lodge et la zone sup\u00e9rieure de Mindo.<\/p><p>De plus, un petit d\u00e9jeuner, livr\u00e9 la veille, vous pr\u00e9pare \u00e0 l&rsquo;exp\u00e9dition matinale et vous permet de maximiser votre temps d&rsquo;immersion dans le monde des oiseaux. La liste des oiseaux observ\u00e9s devient un souvenir pr\u00e9cieux, chaque esp\u00e8ce ayant \u00e9t\u00e9 rep\u00e9r\u00e9e pendant les 3 heures et demie que dure l&rsquo;excursion.<\/p><p><strong>L&rsquo;EXP\u00c9RIENCE ET L&rsquo;EXPERTISE:<\/strong><\/p><p>Nos guides ne sont pas simplement des navigateurs \u00e0 travers la riche tapisserie de la diversit\u00e9 aviaire de Mindo, ce sont des experts passionn\u00e9s d\u00e9sireux de partager leurs connaissances. Les conseils des guides ne se limitent pas \u00e0 la visite, nos experts sont disponibles pour des questions et des discussions m\u00eame apr\u00e8s la fin de l&rsquo;aventure et vous aident \u00e0 enrichir votre compr\u00e9hension de l&rsquo;exp\u00e9rience de l&rsquo;observation des oiseaux.<\/p><p><strong>ENRICHIR LE VOYAGE:<\/strong><\/p><p>Le niveau de difficult\u00e9 de l&rsquo;excursion est facile, ce qui permet aux ornithologues novices et chevronn\u00e9s de se d\u00e9lecter du spectacle de la nature.<\/p><p><strong>OISEAUX QUE VOUS POURRIEZ VOIR:<\/strong><\/p><p>La r\u00e9gion de Mindo abrite une pl\u00e9thore d&rsquo;esp\u00e8ces d&rsquo;oiseaux, et notre excursion promet l&rsquo;observation d&rsquo;oiseaux embl\u00e9matiques tels que le toucan \u00e0 gorge jaune, le toucan de Choco, le quetzal \u00e0 t\u00eate d&rsquo;or, l&rsquo;aracari \u00e0 collier, le motmot roux, le guan hupp\u00e9, la perruche \u00e0 ailes bronz\u00e9es, le fruitier \u00e9caill\u00e9, les tangaras et les pics-verts.<\/p>\t\t\t\t\t\t\t\t<\/div>\n\t\t\t\t<\/div>\n\t\t\t\t<\/div>\n\t\t<div class=\"elementor-element elementor-element-130e16a e-con-full e-flex e-con e-child\" data-id=\"130e16a\" data-element_type=\"container\">\n\t\t\t\t<div class=\"elementor-element elementor-element-84e1543 elementor-widget elementor-widget-spacer\" data-id=\"84e1543\" data-element_type=\"widget\" data-widget_type=\"spacer.default\">\n\t\t\t\t<div class=\"elementor-widget-container\">\n\t\t\t\t\t\t\t<div class=\"elementor-spacer\">\n\t\t\t<div class=\"elementor-spacer-inner\"><\/div>\n\t\t<\/div>\n\t\t\t\t\t\t<\/div>\n\t\t\t\t<\/div>\n\t\t\t\t<\/div>\n\t\t\t\t\t<\/div>\n\t\t\t\t<\/div>\n\t\t\t\t<\/div>\n\t\t","protected":false},"excerpt":{"rendered":"<p>DEMI-JOURN\u00c9E D&rsquo;OBSERVATION DES OISEAUX \u00c0 MINDO PRIX: 95$ * Jusqu&rsquo;\u00e0 2 personnes PRIX TOTAL. TROIS INVIT\u00c9S : 115 $ QUATRE invit\u00e9s : 130 $ Prise en charge au lodge \u00e0 6h00 Guide priv\u00e9 d&rsquo;observation des oiseaux Lunettes d&rsquo;approche et jumelles Transport priv\u00e9 vers une zone sup\u00e9rieure de Mindo Petit-d\u00e9jeuner livr\u00e9 la veille au soir Liste [&hellip;]<\/p>\n","protected":false},"author":2,"featured_media":16399,"parent":0,"menu_order":0,"comment_status":"closed","ping_status":"closed","template":"elementor_header_footer","meta":{"footnotes":""},"class_list":["post-16393","page","type-page","status-publish","has-post-thumbnail","hentry"],"_links":{"self":[{"href":"https:\/\/staging6.lasterrazasdedana.com\/fr\/wp-json\/wp\/v2\/pages\/16393","targetHints":{"allow":["GET"]}}],"collection":[{"href":"https:\/\/staging6.lasterrazasdedana.com\/fr\/wp-json\/wp\/v2\/pages"}],"about":[{"href":"https:\/\/staging6.lasterrazasdedana.com\/fr\/wp-json\/wp\/v2\/types\/page"}],"author":[{"embeddable":true,"href":"https:\/\/staging6.lasterrazasdedana.com\/fr\/wp-json\/wp\/v2\/users\/2"}],"replies":[{"embeddable":true,"href":"https:\/\/staging6.lasterrazasdedana.com\/fr\/wp-json\/wp\/v2\/comments?post=16393"}],"version-history":[{"count":10,"href":"https:\/\/staging6.lasterrazasdedana.com\/fr\/wp-json\/wp\/v2\/pages\/16393\/revisions"}],"predecessor-version":[{"id":16409,"href":"https:\/\/staging6.lasterrazasdedana.com\/fr\/wp-json\/wp\/v2\/pages\/16393\/revisions\/16409"}],"wp:featuredmedia":[{"embeddable":true,"href":"https:\/\/staging6.lasterrazasdedana.com\/fr\/wp-json\/wp\/v2\/media\/16399"}],"wp:attachment":[{"href":"https:\/\/staging6.lasterrazasdedana.com\/fr\/wp-json\/wp\/v2\/media?parent=16393"}],"curies":[{"name":"wp","href":"https:\/\/api.w.org\/{rel}","templated":true}]}}