{"id":14966,"date":"2024-07-27T15:06:29","date_gmt":"2024-07-27T20:06:29","guid":{"rendered":"https:\/\/staging6.lasterrazasdedana.com\/?page_id=14966"},"modified":"2024-07-27T15:17:55","modified_gmt":"2024-07-27T20:17:55","slug":"turismo-sostenible-responsable","status":"publish","type":"page","link":"https:\/\/staging6.lasterrazasdedana.com\/es\/el-lodge\/turismo-sostenible-responsable\/","title":{"rendered":"Turismo Sostenible y Responsable"},"content":{"rendered":"\t\t<div data-elementor-type=\"wp-page\" data-elementor-id=\"14966\" class=\"elementor elementor-14966 elementor-6522\" data-elementor-post-type=\"page\">\n\t\t\t\t<div class=\"elementor-element elementor-element-2e2e593 e-con-full e-flex e-con e-parent\" data-id=\"2e2e593\" data-element_type=\"container\" data-settings=\"{&quot;background_background&quot;:&quot;classic&quot;}\">\n\t\t\t\t<\/div>\n\t\t<div class=\"elementor-element elementor-element-5e34114 e-con-full e-flex e-con e-parent\" data-id=\"5e34114\" data-element_type=\"container\" data-settings=\"{&quot;background_background&quot;:&quot;classic&quot;}\">\n\t\t<div class=\"elementor-element elementor-element-a77d2ba e-con-full animated-slow e-flex elementor-invisible e-con e-child\" data-id=\"a77d2ba\" data-element_type=\"container\" data-settings=\"{&quot;background_background&quot;:&quot;classic&quot;,&quot;animation&quot;:&quot;fadeInUp&quot;}\">\n\t\t\t\t<div class=\"elementor-element elementor-element-47c98b7 elementor-widget elementor-widget-heading\" data-id=\"47c98b7\" data-element_type=\"widget\" data-widget_type=\"heading.default\">\n\t\t\t\t<div class=\"elementor-widget-container\">\n\t\t\t\t\t<h6 class=\"elementor-heading-title elementor-size-default\">Sostenibilidad y<br>Responsabilidad<\/h6>\t\t\t\t<\/div>\n\t\t\t\t<\/div>\n\t\t\t\t<\/div>\n\t\t<div class=\"elementor-element elementor-element-304c19a e-con-full e-flex e-con e-child\" data-id=\"304c19a\" data-element_type=\"container\" data-settings=\"{&quot;background_background&quot;:&quot;classic&quot;,&quot;animation&quot;:&quot;none&quot;}\">\n\t\t\t\t<div class=\"elementor-element elementor-element-7b719e1 elementor-widget elementor-widget-heading\" data-id=\"7b719e1\" data-element_type=\"widget\" data-widget_type=\"heading.default\">\n\t\t\t\t<div class=\"elementor-widget-container\">\n\t\t\t\t\t<h2 class=\"elementor-heading-title elementor-size-default\">Las Terrazas de Dana<br>\nExperiencia Sostenible y Responsable<\/h2>\t\t\t\t<\/div>\n\t\t\t\t<\/div>\n\t\t\t\t<div class=\"elementor-element elementor-element-d8e1e97 elementor-widget elementor-widget-image\" data-id=\"d8e1e97\" data-element_type=\"widget\" data-widget_type=\"image.default\">\n\t\t\t\t<div class=\"elementor-widget-container\">\n\t\t\t\t\t\t\t\t\t\t\t\t\t\t\t<img decoding=\"async\" width=\"205\" height=\"173\" src=\"https:\/\/staging6.lasterrazasdedana.com\/wp-content\/uploads\/2024\/07\/responsible-tourism-icon.png\" class=\"attachment-full size-full wp-image-14814\" alt=\"\" title=\"\">\t\t\t\t\t\t\t\t\t\t\t\t\t\t\t<\/div>\n\t\t\t\t<\/div>\n\t\t\t\t<div class=\"elementor-element elementor-element-a96e0f9 elementor-widget elementor-widget-text-editor\" data-id=\"a96e0f9\" data-element_type=\"widget\" data-widget_type=\"text-editor.default\">\n\t\t\t\t<div class=\"elementor-widget-container\">\n\t\t\t\t\t\t\t\t\t<p>La misi\u00f3n del Centro para el Viaje Responsable (CREST) es promover pol\u00edticas y pr\u00e1cticas de turismo responsable para que las comunidades locales puedan prosperar y administrar sus recursos culturales y su biodiversidad. El Centro para el Viaje Responsable (CREST) es una organizaci\u00f3n de investigaci\u00f3n \u00fanica orientada a pol\u00edticas dedicada a aumentar el impacto global positivo del turismo responsable.<\/p>\n<p>Las Terrazas De Dana Boutique Lodge &amp; Spa ha sido reconocido como l\u00edder en participaci\u00f3n de la sostenibilidad en la industria de viajes. Nuestro trabajo, el apoyo anterior a CREST y el compromiso formal de apoyar a CREST en el futuro nos ha permitido ser incluidos en la categor\u00eda de patrocinadores Platinum de CREST.<\/p>\n<p>El auge de los viajes responsables en el \u00faltimo cuarto del siglo XX desafi\u00f3 la forma en que opera el turismo convencional y cre\u00f3 los principios y las herramientas para hacer del turismo una fuerza para el bien. El ecoturismo ha demostrado que, si se desarrolla de manera responsable, puede ayudar a eliminar la pobreza rural, fomentar el entendimiento cultural y la paz, educar a los viajeros sobre lugares especiales y culturas locales y brindar oportunidades econ\u00f3micas y orgullo a las comunidades locales.<\/p>\n<p>La American Birding Expo en el Greater Philadelphia Expo Center en Filadelfia, EE. UU., es una feria de observaci\u00f3n de aves conocida en todo el mundo. Expositores de todo el mundo, representando todos los aspectos del mercado de observaci\u00f3n de aves y naturaleza, asisten al evento para presentar y ofrecer sus productos, bienes y servicios. Las Terrazas de Dana Boutique Lodge &amp; Spa patrocina este gran evento poniendo a disposici\u00f3n de este festival uno de sus programas para ser subastado durante el evento.<\/p>\n<p>El Festival de Observaci\u00f3n de Aves del Valle del R\u00edo Grande y la Feria de las Aves Inglesas son tambi\u00e9n dos impresionantes Exhibiciones de Observaci\u00f3n de Aves en las que Las Terrazas de Dana Boutique Lodge &amp; Spa tambi\u00e9n contribuye a estos magn\u00edficos Festivales donando uno de sus programas para ser subastado durante los eventos.<\/p>\n<p>Proteger la biodiversidad del Bosque Nublado de Mindo dentro de la Reserva de la Biosfera Choc\u00f3 Andino de Pichincha, se ha convertido en nuestro principal objetivo, junto con la oferta de servicios a la Comunidad del Bosque Nublado de Mindo a trav\u00e9s del apoyo a la econom\u00eda local.<\/p>\n<p>Hemos aprendido a respetar y amar el Bosque Nublado y promovemos la conservaci\u00f3n de toda la Reserva apoyando con beneficios econ\u00f3micos a la Fundaci\u00f3n Bosque Nublado de Mindo que fomenta la reforestaci\u00f3n, promueve la protecci\u00f3n de r\u00edos, arroyos y v\u00edas fluviales dentro de la Reserva de la Biosfera y asiste en la recuperaci\u00f3n de varias especies que habitan el Bosque Nublado.<\/p>\n<p>La Fundaci\u00f3n Bosque Nublado de Mindo es una fundaci\u00f3n ecuatoriana sin fines de lucro que trabaja para la conservaci\u00f3n de los bosques, la reforestaci\u00f3n y la promoci\u00f3n del ecoturismo en las laderas occidentales de los Andes de Ecuador. Con varias reservas entre 300 y 2500 metros de altitud, el \u00e1rea de trabajo de la Fundaci\u00f3n Bosque Nublado de Mindo se superpone a los puntos de biodiversidad de los Andes Tropicales y Tumbes Choc\u00f3 Magdalena (Conservaci\u00f3n Internacional).<\/p>\n<p>Se est\u00e1 desarrollando un programa para minimizar la cantidad de bolsas de pl\u00e1stico utilizadas en Las Terrazas De Dana Boutique Lodge &amp; Spa. Una vez que la cadena de compras y suministro ha terminado, todas las cajas de pl\u00e1stico se llevan al \u00e1rea de reciclaje, all\u00ed, nuestro equipo a cargo, selecciona todas las que podr\u00edan reutilizarse dentro del Lodge y los talleres. Todos nuestros hu\u00e9spedes se convierten en parte de este programa cuando se les informa que se han instalado varios contenedores de reciclaje en las \u00e1reas de ocio.<\/p>\n<p>Las ayudas financieras no son la \u00fanica forma en que Las Terrazas De Dana Boutique Lodge &amp; Spa apoyan la protecci\u00f3n del Bosque Nublado de Mindo. Tambi\u00e9n hay varias acciones para reducir la huella de carbono, Las Terrazas De Dana Boutique Lodge &amp; Spa ha implementado algunas de ellas:<\/p>\n<p><b>Compostaje de residuos de alimentos<\/b><\/p>\n<p>El compost que creamos se utiliza como fertilizante para el paisajismo, ayudamos a nuestro ecosistema y ofrecemos a nuestros hu\u00e9spedes hermosos jardines para contemplar.<\/p>\n<p><b>Tecnolog\u00edas eficientes y programa de ahorro de energ\u00eda<\/b><\/p>\n<p>Incluyendo platos para calentar la comida durante el servicio de restaurante y alimentados por ecoburner, estamos reduciendo nuestra huella de carbono mediante el uso de energ\u00eda alternativa y segura cuando es posible.<\/p>\n<p>Tambi\u00e9n se informa e incentiva a nuestros hu\u00e9spedes a ahorrar energ\u00eda mediante un uso adecuado de la electricidad, lo que les obliga a apagar las luces, la televisi\u00f3n, las computadoras y las ba\u00f1eras cuando no son necesarias. Nuestro personal tambi\u00e9n se ocupa de este problema controlando que las luces y todos los dispositivos electr\u00f3nicos dentro de los bungalows se apaguen cuando nuestros hu\u00e9spedes no est\u00e1n all\u00ed.<\/p>\n<p><b>Reducci\u00f3n del desperdicio de agua<\/b><\/p>\n<p>Al controlar la temperatura del agua utilizada para lavar, estamos reduciendo la energ\u00eda necesaria para transportar el agua y la electricidad necesaria para calentarla.<\/p>\n<p>El mismo m\u00e9todo que se utiliza para controlar el desperdicio de energ\u00eda se utiliza para ahorrar agua y los hu\u00e9spedes y el personal tambi\u00e9n forman parte de este programa.<\/p>\n<p><b>Recicla y reutiliza tanto como sea posible<\/b><\/p>\n<p>Reciclar y reutilizar suministros reduce la cantidad de residuos que genera nuestro Lodge. No se trata solo de usar servilletas de tela en lugar de servilletas de papel, los productos que est\u00e1n hechos de pl\u00e1sticos reciclados o madera reciclada, como contenedores o muebles, son una excelente manera de introducir el reciclaje en nuestro negocio.<\/p>\n<p><b>Compra en empresas locales y sostenibles<\/b><\/p>\n<p>El transporte de suministros es uno de los factores ocultos que pueden aumentar enormemente la huella de carbono de nuestro Lodge. Se necesita mucho combustible para transportar suministros desde las principales ciudades. Se podr\u00edan quemar miles de galones de combustible durante a\u00f1os de funcionamiento. Comprar localmente y apoyar nuestra econom\u00eda local reduce dr\u00e1sticamente la huella de carbono de nuestro Lodge. Tambi\u00e9n apoyamos la econom\u00eda local, apoyando los trabajos locales que emplean a la gente local. Comprar localmente y de manera sostenible reduce la cantidad de residuos que genera nuestro Lodge y mejora el \u00e1rea local.<\/p>\n<p>Para mejorar nuestra comunidad, apoyar a las empresas conjuntas privadas y fomentar el progreso econ\u00f3mico y social responsable, Las Terrazas De Dana Boutique Lodge &amp; Spa se abastece de cadenas de suministro de propiedad y desarrollo local cuando es posible, ofreciendo relaciones productivas y positivas pagando precios justos y pidiendo igualdad y respeto mutuo.<\/p>\n<p>Nuestra cadena de suministro de productos y servicios emplea los servicios de residentes locales del Bosque Nublado de Mindo cuando es posible. Nuestro personal recibe salarios m\u00e1s que competitivos, lo que nos convierte en la mejor opci\u00f3n para trabajar en la zona. Los horarios de trabajo flexibles, la igualdad y las relaciones positivas hacen que nuestro personal se sienta una parte importante de esta cadena.<\/p>\n<p>Por \u00faltimo, Las Terrazas De Dana Boutique Lodge &amp; Spa se siente orgulloso de brindar apoyo financiero al cuidado infantil, la educaci\u00f3n y los servicios sociales que brinda Salem Ecuador, un centro para ni\u00f1os, j\u00f3venes y la comunidad ubicado en el peque\u00f1o pueblo del Bosque Nublado de Mindo.<\/p>\n<p>Su centro es un lugar donde los ni\u00f1os pueden disfrutar de su infancia, aprender, jugar y ser aceptados como parte de una comunidad amorosa. Salem cuida de los ni\u00f1os y j\u00f3venes m\u00e1s desfavorecidos y en riesgo del pueblo. Los ni\u00f1os reciben un cuidado cari\u00f1oso y les ayudan a encontrar soluciones a sus problemas m\u00e1s urgentes.<\/p>\n<p>Salem se ocupa de nuestros ni\u00f1os a trav\u00e9s de varios programas: guarder\u00eda y educaci\u00f3n, trabajo con j\u00f3venes, educaci\u00f3n superior, trabajo social y asesoramiento familiar, ecolog\u00eda, salud y nutrici\u00f3n.<\/p>\n<p>Todos los proyectos de Salem est\u00e1n vinculados a valores compartidos como la paz y la ayuda a los m\u00e1s necesitados. De esta manera, Salem trabaja activamente en puntos cr\u00edticos del mundo para ayudar a personas en situaciones dif\u00edciles, independientemente de sus creencias o nacionalidad. Nuestro apoyo a Salem abarca desde cuestiones sociales, medioambientales y sanitarias hasta nutrici\u00f3n, educaci\u00f3n y asistencia para el desarrollo.<\/p>\t\t\t\t\t\t\t\t<\/div>\n\t\t\t\t<\/div>\n\t\t\t\t<\/div>\n\t\t\t\t<\/div>\n\t\t\t\t<\/div>\n\t\t","protected":false},"excerpt":{"rendered":"<p>Sostenibilidad yResponsabilidad Las Terrazas de Dana Experiencia Sostenible y Responsable La misi\u00f3n del Centro para el Viaje Responsable (CREST) es promover pol\u00edticas y pr\u00e1cticas de turismo responsable para que las comunidades locales puedan prosperar y administrar sus recursos culturales y su biodiversidad. El Centro para el Viaje Responsable (CREST) es una organizaci\u00f3n de investigaci\u00f3n \u00fanica [&hellip;]<\/p>\n","protected":false},"author":2,"featured_media":0,"parent":14035,"menu_order":0,"comment_status":"closed","ping_status":"closed","template":"","meta":{"footnotes":""},"class_list":["post-14966","page","type-page","status-publish","hentry"],"_links":{"self":[{"href":"https:\/\/staging6.lasterrazasdedana.com\/es\/wp-json\/wp\/v2\/pages\/14966","targetHints":{"allow":["GET"]}}],"collection":[{"href":"https:\/\/staging6.lasterrazasdedana.com\/es\/wp-json\/wp\/v2\/pages"}],"about":[{"href":"https:\/\/staging6.lasterrazasdedana.com\/es\/wp-json\/wp\/v2\/types\/page"}],"author":[{"embeddable":true,"href":"https:\/\/staging6.lasterrazasdedana.com\/es\/wp-json\/wp\/v2\/users\/2"}],"replies":[{"embeddable":true,"href":"https:\/\/staging6.lasterrazasdedana.com\/es\/wp-json\/wp\/v2\/comments?post=14966"}],"version-history":[{"count":10,"href":"https:\/\/staging6.lasterrazasdedana.com\/es\/wp-json\/wp\/v2\/pages\/14966\/revisions"}],"predecessor-version":[{"id":14980,"href":"https:\/\/staging6.lasterrazasdedana.com\/es\/wp-json\/wp\/v2\/pages\/14966\/revisions\/14980"}],"up":[{"embeddable":true,"href":"https:\/\/staging6.lasterrazasdedana.com\/es\/wp-json\/wp\/v2\/pages\/14035"}],"wp:attachment":[{"href":"https:\/\/staging6.lasterrazasdedana.com\/es\/wp-json\/wp\/v2\/media?parent=14966"}],"curies":[{"name":"wp","href":"https:\/\/api.w.org\/{rel}","templated":true}]}}