{"id":14573,"date":"2024-07-25T18:09:56","date_gmt":"2024-07-25T23:09:56","guid":{"rendered":"https:\/\/staging6.lasterrazasdedana.com\/?page_id=14573"},"modified":"2024-07-26T11:48:13","modified_gmt":"2024-07-26T16:48:13","slug":"cuisine","status":"publish","type":"page","link":"https:\/\/staging6.lasterrazasdedana.com\/es\/cuisine\/","title":{"rendered":"Cuisine"},"content":{"rendered":"\t\t<div data-elementor-type=\"wp-page\" data-elementor-id=\"14573\" class=\"elementor elementor-14573 elementor-11321\" data-elementor-post-type=\"page\">\n\t\t\t\t<div class=\"elementor-element elementor-element-07ec76c e-con-full contact-sec1 e-flex e-con e-parent\" data-id=\"07ec76c\" data-element_type=\"container\">\n\t\t\t\t<div class=\"elementor-element elementor-element-15874d2 elementor-widget elementor-widget-image\" data-id=\"15874d2\" data-element_type=\"widget\" data-widget_type=\"image.default\">\n\t\t\t\t<div class=\"elementor-widget-container\">\n\t\t\t\t\t\t\t\t\t\t\t\t\t\t\t<img fetchpriority=\"high\" decoding=\"async\" width=\"1920\" height=\"1080\" src=\"https:\/\/staging6.lasterrazasdedana.com\/wp-content\/uploads\/2024\/07\/cuisine-img01-1.jpg\" class=\"attachment-full size-full wp-image-14838\" alt=\"\" srcset=\"https:\/\/staging6.lasterrazasdedana.com\/wp-content\/uploads\/2024\/07\/cuisine-img01-1.jpg 1920w, https:\/\/staging6.lasterrazasdedana.com\/wp-content\/uploads\/2024\/07\/cuisine-img01-1-300x169.jpg 300w, https:\/\/staging6.lasterrazasdedana.com\/wp-content\/uploads\/2024\/07\/cuisine-img01-1-1024x576.jpg 1024w, https:\/\/staging6.lasterrazasdedana.com\/wp-content\/uploads\/2024\/07\/cuisine-img01-1-768x432.jpg 768w, https:\/\/staging6.lasterrazasdedana.com\/wp-content\/uploads\/2024\/07\/cuisine-img01-1-1536x864.jpg 1536w\" sizes=\"(max-width: 1920px) 100vw, 1920px\" title=\"\">\t\t\t\t\t\t\t\t\t\t\t\t\t\t\t<\/div>\n\t\t\t\t<\/div>\n\t\t\t\t<div class=\"elementor-element elementor-element-d278d9d elementor-absolute elementor-widget elementor-widget-image\" data-id=\"d278d9d\" data-element_type=\"widget\" data-settings=\"{&quot;_position&quot;:&quot;absolute&quot;}\" data-widget_type=\"image.default\">\n\t\t\t\t<div class=\"elementor-widget-container\">\n\t\t\t\t\t\t\t\t\t\t\t\t\t\t\t<img decoding=\"async\" width=\"280\" height=\"81\" src=\"https:\/\/staging6.lasterrazasdedana.com\/wp-content\/uploads\/2024\/07\/brito.png\" class=\"attachment-full size-full wp-image-13974\" alt=\"\" title=\"\">\t\t\t\t\t\t\t\t\t\t\t\t\t\t\t<\/div>\n\t\t\t\t<\/div>\n\t\t\t\t<\/div>\n\t\t<div class=\"elementor-element elementor-element-3f0ec16 e-con-full contact-sec2 e-flex e-con e-parent\" data-id=\"3f0ec16\" data-element_type=\"container\" data-settings=\"{&quot;background_background&quot;:&quot;classic&quot;}\">\n\t\t<div class=\"elementor-element elementor-element-54bc33e e-con-full animated-slow e-flex elementor-invisible e-con e-child\" data-id=\"54bc33e\" data-element_type=\"container\" data-settings=\"{&quot;background_background&quot;:&quot;classic&quot;,&quot;animation&quot;:&quot;fadeInUp&quot;}\">\n\t\t\t\t<div class=\"elementor-element elementor-element-e0b5f91 animated-slow elementor-widget elementor-widget-heading\" data-id=\"e0b5f91\" data-element_type=\"widget\" data-settings=\"{&quot;_animation&quot;:&quot;none&quot;}\" data-widget_type=\"heading.default\">\n\t\t\t\t<div class=\"elementor-widget-container\">\n\t\t\t\t\t<h2 class=\"elementor-heading-title elementor-size-default\">Experiencia<br>Gourmet<\/h2>\t\t\t\t<\/div>\n\t\t\t\t<\/div>\n\t\t\t\t<\/div>\n\t\t<div class=\"elementor-element elementor-element-d16548c e-con-full e-flex e-con e-child\" data-id=\"d16548c\" data-element_type=\"container\" data-settings=\"{&quot;background_background&quot;:&quot;classic&quot;,&quot;animation&quot;:&quot;none&quot;}\">\n\t\t\t\t<div class=\"elementor-element elementor-element-2047c3f elementor-widget__width-auto animated-slow elementor-invisible elementor-widget elementor-widget-text-editor\" data-id=\"2047c3f\" data-element_type=\"widget\" data-settings=\"{&quot;_animation&quot;:&quot;fadeInDown&quot;}\" data-widget_type=\"text-editor.default\">\n\t\t\t\t<div class=\"elementor-widget-container\">\n\t\t\t\t\t\t\t\t\t<p>Horario de apertura<br \/>Solo con reserva<br \/>Almuerzo<br \/>12:30 PM \u2013 3:00 PM<br \/>Cena<br \/>6:00 PM \u2013 9:00 PM<\/p>\t\t\t\t\t\t\t\t<\/div>\n\t\t\t\t<\/div>\n\t\t\t\t<\/div>\n\t\t\t\t<\/div>\n\t\t<div class=\"elementor-element elementor-element-05f2d99 e-con-full contact-sec3 e-flex e-con e-parent\" data-id=\"05f2d99\" data-element_type=\"container\" data-settings=\"{&quot;background_background&quot;:&quot;classic&quot;}\">\n\t\t<div class=\"elementor-element elementor-element-a35c169 e-con-full animated-slow e-flex elementor-invisible e-con e-child\" data-id=\"a35c169\" data-element_type=\"container\" data-settings=\"{&quot;background_background&quot;:&quot;classic&quot;,&quot;animation&quot;:&quot;fadeInUp&quot;}\">\n\t\t\t\t<\/div>\n\t\t<div class=\"elementor-element elementor-element-04cb074 e-con-full animated-slow cuisine-mid-col e-flex e-con e-child\" data-id=\"04cb074\" data-element_type=\"container\" data-settings=\"{&quot;background_background&quot;:&quot;classic&quot;,&quot;animation&quot;:&quot;none&quot;}\">\n\t\t\t\t<div class=\"elementor-element elementor-element-be14edd elementor-widget__width-inherit elementor-widget elementor-widget-image\" data-id=\"be14edd\" data-element_type=\"widget\" data-widget_type=\"image.default\">\n\t\t\t\t<div class=\"elementor-widget-container\">\n\t\t\t\t\t\t\t\t\t\t\t\t\t\t\t<img decoding=\"async\" width=\"1280\" height=\"472\" src=\"https:\/\/staging6.lasterrazasdedana.com\/wp-content\/uploads\/2024\/07\/cuisine-img02-1.jpg\" class=\"attachment-full size-full wp-image-14840\" alt=\"\" srcset=\"https:\/\/staging6.lasterrazasdedana.com\/wp-content\/uploads\/2024\/07\/cuisine-img02-1.jpg 1280w, https:\/\/staging6.lasterrazasdedana.com\/wp-content\/uploads\/2024\/07\/cuisine-img02-1-300x111.jpg 300w, https:\/\/staging6.lasterrazasdedana.com\/wp-content\/uploads\/2024\/07\/cuisine-img02-1-1024x378.jpg 1024w, https:\/\/staging6.lasterrazasdedana.com\/wp-content\/uploads\/2024\/07\/cuisine-img02-1-768x283.jpg 768w\" sizes=\"(max-width: 1280px) 100vw, 1280px\" title=\"\">\t\t\t\t\t\t\t\t\t\t\t\t\t\t\t<\/div>\n\t\t\t\t<\/div>\n\t\t\t\t<div class=\"elementor-element elementor-element-2275c1b elementor-widget elementor-widget-image\" data-id=\"2275c1b\" data-element_type=\"widget\" data-widget_type=\"image.default\">\n\t\t\t\t<div class=\"elementor-widget-container\">\n\t\t\t\t\t\t\t\t\t\t\t\t\t\t\t<img decoding=\"async\" width=\"280\" height=\"81\" src=\"https:\/\/staging6.lasterrazasdedana.com\/wp-content\/uploads\/2024\/07\/brito.png\" class=\"attachment-full size-full wp-image-13974\" alt=\"\" title=\"\">\t\t\t\t\t\t\t\t\t\t\t\t\t\t\t<\/div>\n\t\t\t\t<\/div>\n\t\t\t\t<div class=\"elementor-element elementor-element-1d51617 animated-slow elementor-absolute cuisine-big-hd elementor-invisible elementor-widget elementor-widget-heading\" data-id=\"1d51617\" data-element_type=\"widget\" data-settings=\"{&quot;_animation&quot;:&quot;fadeInLeft&quot;,&quot;_position&quot;:&quot;absolute&quot;}\" data-widget_type=\"heading.default\">\n\t\t\t\t<div class=\"elementor-widget-container\">\n\t\t\t\t\t<h2 class=\"elementor-heading-title elementor-size-default\">reserva<br>una <br>mesa<\/h2>\t\t\t\t<\/div>\n\t\t\t\t<\/div>\n\t\t\t\t<div class=\"elementor-element elementor-element-39ee004 elementor-button-align-end elementor-widget__width-initial animated-slow cuisine-form elementor-invisible elementor-widget elementor-widget-form\" data-id=\"39ee004\" data-element_type=\"widget\" data-settings=\"{&quot;step_next_label&quot;:&quot;Next&quot;,&quot;step_previous_label&quot;:&quot;Previous&quot;,&quot;_animation&quot;:&quot;fadeInRight&quot;,&quot;step_type&quot;:&quot;number_text&quot;,&quot;step_icon_shape&quot;:&quot;circle&quot;}\" data-widget_type=\"form.default\">\n\t\t\t\t<div class=\"elementor-widget-container\">\n\t\t\t\t\t\t\t<form class=\"elementor-form\" method=\"post\" name=\"New Form\">\n\t\t\t<input type=\"hidden\" name=\"post_id\" value=\"14573\"\/>\n\t\t\t<input type=\"hidden\" name=\"form_id\" value=\"39ee004\"\/>\n\t\t\t<input type=\"hidden\" name=\"referer_title\" value=\"Restaurante Mindo Ecuador | Las Terrazas de Dana\" \/>\n\n\t\t\t\t\t\t\t<input type=\"hidden\" name=\"queried_id\" value=\"14573\"\/>\n\t\t\t\n\t\t\t<div class=\"elementor-form-fields-wrapper elementor-labels-\">\n\t\t\t\t\t\t\t\t<div class=\"elementor-field-type-text elementor-field-group elementor-column elementor-field-group-name elementor-col-100\">\n\t\t\t\t\t\t\t\t\t\t\t\t\t<input size=\"1\" type=\"text\" name=\"form_fields[name]\" id=\"form-field-name\" class=\"elementor-field elementor-size-sm  elementor-field-textual\" placeholder=\"* nombre\">\n\t\t\t\t\t\t\t\t\t\t\t<\/div>\n\t\t\t\t\t\t\t\t<div class=\"elementor-field-type-email elementor-field-group elementor-column elementor-field-group-email elementor-col-100 elementor-field-required\">\n\t\t\t\t\t\t\t\t\t\t\t\t\t<input size=\"1\" type=\"email\" name=\"form_fields[email]\" id=\"form-field-email\" class=\"elementor-field elementor-size-sm  elementor-field-textual\" placeholder=\"* email\" required=\"required\">\n\t\t\t\t\t\t\t\t\t\t\t<\/div>\n\t\t\t\t\t\t\t\t<div class=\"elementor-field-type-number elementor-field-group elementor-column elementor-field-group-field_57a729b elementor-col-100\">\n\t\t\t\t\t\t\t\t<input type=\"number\" name=\"form_fields[field_57a729b]\" id=\"form-field-field_57a729b\" class=\"elementor-field elementor-size-sm  elementor-field-textual\" placeholder=\"* n\u00famero de comensales\" min=\"\" max=\"\" >\n\t\t\t\t\t\t<\/div>\n\t\t\t\t\t\t\t\t<div class=\"elementor-field-type-date elementor-field-group elementor-column elementor-field-group-field_ff203a0 elementor-col-100\">\n\t\t\t\t\t\n\t\t<input type=\"date\" name=\"form_fields[field_ff203a0]\" id=\"form-field-field_ff203a0\" class=\"elementor-field elementor-size-sm  elementor-field-textual elementor-date-field\" placeholder=\"* fecha\" pattern=\"[0-9]{4}-[0-9]{2}-[0-9]{2}\">\n\t\t\t\t\t\t<\/div>\n\t\t\t\t\t\t\t\t<div class=\"elementor-field-type-select elementor-field-group elementor-column elementor-field-group-field_a89fe23 elementor-col-100\">\n\t\t\t\t\t\t\t<div class=\"elementor-field elementor-select-wrapper remove-before \">\n\t\t\t<div class=\"select-caret-down-wrapper\">\n\t\t\t\t<i aria-hidden=\"true\" class=\"eicon-caret-down\"><\/i>\t\t\t<\/div>\n\t\t\t<select name=\"form_fields[field_a89fe23]\" id=\"form-field-field_a89fe23\" class=\"elementor-field-textual elementor-size-sm\">\n\t\t\t\t\t\t\t\t\t<option value=\"servicio\">servicio<\/option>\n\t\t\t\t\t\t\t\t\t<option value=\"12:30 PM\">12:30 PM<\/option>\n\t\t\t\t\t\t\t\t\t<option value=\"1:00 PM\">1:00 PM<\/option>\n\t\t\t\t\t\t\t\t\t<option value=\"1:30 PM\">1:30 PM<\/option>\n\t\t\t\t\t\t\t\t\t<option value=\"2:00 PM\">2:00 PM<\/option>\n\t\t\t\t\t\t\t\t\t<option value=\"6:30 PM\">6:30 PM<\/option>\n\t\t\t\t\t\t\t\t\t<option value=\"7:00 PM\">7:00 PM<\/option>\n\t\t\t\t\t\t\t\t\t<option value=\"7:30 PM\">7:30 PM<\/option>\n\t\t\t\t\t\t\t\t\t<option value=\"8:00 PM\">8:00 PM<\/option>\n\t\t\t\t\t\t\t<\/select>\n\t\t<\/div>\n\t\t\t\t\t\t<\/div>\n\t\t\t\t\t\t\t\t<div class=\"elementor-field-type-textarea elementor-field-group elementor-column elementor-field-group-message elementor-col-100\">\n\t\t\t\t\t<textarea class=\"elementor-field-textual elementor-field  elementor-size-sm\" name=\"form_fields[message]\" id=\"form-field-message\" rows=\"4\" placeholder=\"* notas \/ solicitudes \/ alergias\"><\/textarea>\t\t\t\t<\/div>\n\t\t\t\t\t\t\t\t<div class=\"elementor-field-type-recaptcha_v3 elementor-field-group elementor-column elementor-field-group-field_1 elementor-col-100 recaptcha_v3-bottomleft\">\n\t\t\t\t\t<div class=\"elementor-field\" id=\"form-field-field_1\"><div class=\"elementor-g-recaptcha\" data-sitekey=\"6Lf77NEUAAAAAI-gG1tj4rnVFBWIMQB0W_6vvPaA\" data-type=\"v3\" data-action=\"Form\" data-badge=\"bottomleft\" data-size=\"invisible\"><\/div><\/div>\t\t\t\t<\/div>\n\t\t\t\t\t\t\t\t<div class=\"elementor-field-group elementor-column elementor-field-type-submit elementor-col-100 e-form__buttons\">\n\t\t\t\t\t<button class=\"elementor-button elementor-size-md\" type=\"submit\">\n\t\t\t\t\t\t<span class=\"elementor-button-content-wrapper\">\n\t\t\t\t\t\t\t\t\t\t\t\t\t\t\t\t\t\t\t\t\t\t<span class=\"elementor-button-text\">ENVIAR<\/span>\n\t\t\t\t\t\t\t\t\t\t\t\t\t<\/span>\n\t\t\t\t\t<\/button>\n\t\t\t\t<\/div>\n\t\t\t<\/div>\n\t\t<\/form>\n\t\t\t\t\t\t<\/div>\n\t\t\t\t<\/div>\n\t\t\t\t<\/div>\n\t\t<div class=\"elementor-element elementor-element-dc4af4f e-con-full animated-slow cuisine-rgt-col elementor-hidden-mobile e-flex e-con e-child\" data-id=\"dc4af4f\" data-element_type=\"container\" data-settings=\"{&quot;background_background&quot;:&quot;classic&quot;,&quot;animation&quot;:&quot;none&quot;}\">\n\t\t\t\t<div class=\"elementor-element elementor-element-8e00840 elementor-widget__width-inherit animated-slow elementor-invisible elementor-widget elementor-widget-image\" data-id=\"8e00840\" data-element_type=\"widget\" data-settings=\"{&quot;_animation&quot;:&quot;zoomIn&quot;}\" data-widget_type=\"image.default\">\n\t\t\t\t<div class=\"elementor-widget-container\">\n\t\t\t\t\t\t\t\t\t\t\t\t\t\t\t<img loading=\"lazy\" decoding=\"async\" width=\"450\" height=\"600\" src=\"https:\/\/staging6.lasterrazasdedana.com\/wp-content\/uploads\/2024\/07\/cuisine-img04-1.jpg\" class=\"attachment-full size-full wp-image-14844\" alt=\"\" srcset=\"https:\/\/staging6.lasterrazasdedana.com\/wp-content\/uploads\/2024\/07\/cuisine-img04-1.jpg 450w, https:\/\/staging6.lasterrazasdedana.com\/wp-content\/uploads\/2024\/07\/cuisine-img04-1-225x300.jpg 225w\" sizes=\"(max-width: 450px) 100vw, 450px\" title=\"\">\t\t\t\t\t\t\t\t\t\t\t\t\t\t\t<\/div>\n\t\t\t\t<\/div>\n\t\t\t\t<div class=\"elementor-element elementor-element-26f8f5a elementor-widget__width-inherit animated-slow elementor-invisible elementor-widget elementor-widget-image\" data-id=\"26f8f5a\" data-element_type=\"widget\" data-settings=\"{&quot;_animation&quot;:&quot;zoomIn&quot;}\" data-widget_type=\"image.default\">\n\t\t\t\t<div class=\"elementor-widget-container\">\n\t\t\t\t\t\t\t\t\t\t\t\t\t\t\t<img loading=\"lazy\" decoding=\"async\" width=\"450\" height=\"600\" src=\"https:\/\/staging6.lasterrazasdedana.com\/wp-content\/uploads\/2024\/07\/cuisine-img03-1.jpg\" class=\"attachment-full size-full wp-image-14842\" alt=\"\" srcset=\"https:\/\/staging6.lasterrazasdedana.com\/wp-content\/uploads\/2024\/07\/cuisine-img03-1.jpg 450w, https:\/\/staging6.lasterrazasdedana.com\/wp-content\/uploads\/2024\/07\/cuisine-img03-1-225x300.jpg 225w\" sizes=\"(max-width: 450px) 100vw, 450px\" title=\"\">\t\t\t\t\t\t\t\t\t\t\t\t\t\t\t<\/div>\n\t\t\t\t<\/div>\n\t\t\t\t<\/div>\n\t\t\t\t<\/div>\n\t\t<div class=\"elementor-element elementor-element-5a5f00e e-flex e-con-boxed e-con e-parent\" data-id=\"5a5f00e\" data-element_type=\"container\">\n\t\t\t\t\t<div class=\"e-con-inner\">\n\t\t\t\t<div class=\"elementor-element elementor-element-299e7f6 elementor-widget elementor-widget-text-editor\" data-id=\"299e7f6\" data-element_type=\"widget\" data-widget_type=\"text-editor.default\">\n\t\t\t\t<div class=\"elementor-widget-container\">\n\t\t\t\t\t\t\t\t\t<p>Te invitamos al secreto mejor guardado del bosque nuboso, donde las nubes se encuentran con la cocina. Ahora puedes acompa\u00f1arnos en nuestro restaurante de cocina abierta y descubrir la gastronom\u00eda ecuatoriana e internacional acompa\u00f1ado de miles de especies de aves diferentes.<\/p>\t\t\t\t\t\t\t\t<\/div>\n\t\t\t\t<\/div>\n\t\t\t\t\t<\/div>\n\t\t\t\t<\/div>\n\t\t\t\t<\/div>\n\t\t","protected":false},"excerpt":{"rendered":"<p>ExperienciaGourmet Horario de aperturaSolo con reservaAlmuerzo12:30 PM \u2013 3:00 PMCena6:00 PM \u2013 9:00 PM reservauna mesa Te invitamos al secreto mejor guardado del bosque nuboso, donde las nubes se encuentran con la cocina. Ahora puedes acompa\u00f1arnos en nuestro restaurante de cocina abierta y descubrir la gastronom\u00eda ecuatoriana e internacional acompa\u00f1ado de miles de especies de [&hellip;]<\/p>\n","protected":false},"author":2,"featured_media":11301,"parent":0,"menu_order":0,"comment_status":"closed","ping_status":"closed","template":"","meta":{"footnotes":""},"class_list":["post-14573","page","type-page","status-publish","has-post-thumbnail","hentry"],"_links":{"self":[{"href":"https:\/\/staging6.lasterrazasdedana.com\/es\/wp-json\/wp\/v2\/pages\/14573","targetHints":{"allow":["GET"]}}],"collection":[{"href":"https:\/\/staging6.lasterrazasdedana.com\/es\/wp-json\/wp\/v2\/pages"}],"about":[{"href":"https:\/\/staging6.lasterrazasdedana.com\/es\/wp-json\/wp\/v2\/types\/page"}],"author":[{"embeddable":true,"href":"https:\/\/staging6.lasterrazasdedana.com\/es\/wp-json\/wp\/v2\/users\/2"}],"replies":[{"embeddable":true,"href":"https:\/\/staging6.lasterrazasdedana.com\/es\/wp-json\/wp\/v2\/comments?post=14573"}],"version-history":[{"count":16,"href":"https:\/\/staging6.lasterrazasdedana.com\/es\/wp-json\/wp\/v2\/pages\/14573\/revisions"}],"predecessor-version":[{"id":14950,"href":"https:\/\/staging6.lasterrazasdedana.com\/es\/wp-json\/wp\/v2\/pages\/14573\/revisions\/14950"}],"wp:featuredmedia":[{"embeddable":true,"href":"https:\/\/staging6.lasterrazasdedana.com\/es\/wp-json\/wp\/v2\/media\/11301"}],"wp:attachment":[{"href":"https:\/\/staging6.lasterrazasdedana.com\/es\/wp-json\/wp\/v2\/media?parent=14573"}],"curies":[{"name":"wp","href":"https:\/\/api.w.org\/{rel}","templated":true}]}}