{"id":10846,"date":"2023-11-25T09:35:01","date_gmt":"2023-11-25T14:35:01","guid":{"rendered":"https:\/\/staging6.lasterrazasdedana.com\/?page_id=10846"},"modified":"2023-11-25T09:44:51","modified_gmt":"2023-11-25T14:44:51","slug":"choco-andino-medio-dia-tour-aves","status":"publish","type":"page","link":"https:\/\/staging6.lasterrazasdedana.com\/es\/choco-andino-medio-dia-tour-aves\/","title":{"rendered":"Medio d\u00eda Choco Birding Tour"},"content":{"rendered":"\t\t<div data-elementor-type=\"wp-page\" data-elementor-id=\"10846\" class=\"elementor elementor-10846 elementor-10231\" data-elementor-post-type=\"page\">\n\t\t\t\t<div class=\"elementor-element elementor-element-333bb20 e-flex e-con-boxed e-con e-parent\" data-id=\"333bb20\" data-element_type=\"container\" data-settings=\"{&quot;background_background&quot;:&quot;classic&quot;}\">\n\t\t\t\t\t<div class=\"e-con-inner\">\n\t\t<div class=\"elementor-element elementor-element-f7441db e-con-full e-flex e-con e-child\" data-id=\"f7441db\" data-element_type=\"container\">\n\t\t\t\t<div class=\"elementor-element elementor-element-f659406 elementor-headline--style-highlight elementor-widget elementor-widget-animated-headline\" data-id=\"f659406\" data-element_type=\"widget\" data-settings=\"{&quot;marker&quot;:&quot;underline&quot;,&quot;highlighted_text&quot;:&quot;MEDIO DIA&quot;,&quot;headline_style&quot;:&quot;highlight&quot;,&quot;loop&quot;:&quot;yes&quot;,&quot;highlight_animation_duration&quot;:1200,&quot;highlight_iteration_delay&quot;:8000}\" data-widget_type=\"animated-headline.default\">\n\t\t\t\t<div class=\"elementor-widget-container\">\n\t\t\t\t\t\t\t<h1 class=\"elementor-headline\">\n\t\t\t\t<span class=\"elementor-headline-dynamic-wrapper elementor-headline-text-wrapper\">\n\t\t\t\t\t<span class=\"elementor-headline-dynamic-text elementor-headline-text-active\">MEDIO DIA<\/span>\n\t\t\t\t<\/span>\n\t\t\t\t\t<span class=\"elementor-headline-plain-text elementor-headline-text-wrapper\">CHOC\u00d3 BIRDING TOUR<\/span>\n\t\t\t\t\t<\/h1>\n\t\t\t\t\t\t<\/div>\n\t\t\t\t<\/div>\n\t\t\t\t<div class=\"elementor-element elementor-element-ebfd7dd elementor-widget elementor-widget-heading\" data-id=\"ebfd7dd\" data-element_type=\"widget\" data-widget_type=\"heading.default\">\n\t\t\t\t<div class=\"elementor-widget-container\">\n\t\t\t\t\t<h2 class=\"elementor-heading-title elementor-size-default\">PRECIO: $240<\/h2>\t\t\t\t<\/div>\n\t\t\t\t<\/div>\n\t\t\t\t<div class=\"elementor-element elementor-element-f78ce7d elementor-widget elementor-widget-text-editor\" data-id=\"f78ce7d\" data-element_type=\"widget\" data-widget_type=\"text-editor.default\">\n\t\t\t\t<div class=\"elementor-widget-container\">\n\t\t\t\t\t\t\t\t\t<p>* Hasta 2 hu\u00e9spedes PRECIO TOTAL.<\/p><p>Tres hu\u00e9spedes: <span style=\"font-weight: var( --e-global-typography-text-font-weight );\">$290.<\/span><\/p><p>CUATRO hu\u00e9spedes: $360.<\/p>\t\t\t\t\t\t\t\t<\/div>\n\t\t\t\t<\/div>\n\t\t\t\t<div class=\"elementor-element elementor-element-ecd3bde elementor-icon-list--layout-traditional elementor-list-item-link-full_width elementor-widget elementor-widget-icon-list\" data-id=\"ecd3bde\" data-element_type=\"widget\" data-widget_type=\"icon-list.default\">\n\t\t\t\t<div class=\"elementor-widget-container\">\n\t\t\t\t\t\t\t<ul class=\"elementor-icon-list-items\">\n\t\t\t\t\t\t\t<li class=\"elementor-icon-list-item\">\n\t\t\t\t\t\t\t\t\t\t\t<span class=\"elementor-icon-list-icon\">\n\t\t\t\t\t\t\t<i aria-hidden=\"true\" class=\"fas fa-check\"><\/i>\t\t\t\t\t\t<\/span>\n\t\t\t\t\t\t\t\t\t\t<span class=\"elementor-icon-list-text\">Recogida desde el lodge a las 5:20AM<\/span>\n\t\t\t\t\t\t\t\t\t<\/li>\n\t\t\t\t\t\t\t\t<li class=\"elementor-icon-list-item\">\n\t\t\t\t\t\t\t\t\t\t\t<span class=\"elementor-icon-list-icon\">\n\t\t\t\t\t\t\t<i aria-hidden=\"true\" class=\"fas fa-check\"><\/i>\t\t\t\t\t\t<\/span>\n\t\t\t\t\t\t\t\t\t\t<span class=\"elementor-icon-list-text\">Gu\u00eda pajarero privado y transporte<\/span>\n\t\t\t\t\t\t\t\t\t<\/li>\n\t\t\t\t\t\t\t\t<li class=\"elementor-icon-list-item\">\n\t\t\t\t\t\t\t\t\t\t\t<span class=\"elementor-icon-list-icon\">\n\t\t\t\t\t\t\t<i aria-hidden=\"true\" class=\"fas fa-check\"><\/i>\t\t\t\t\t\t<\/span>\n\t\t\t\t\t\t\t\t\t\t<span class=\"elementor-icon-list-text\">Caja desayuno completa<\/span>\n\t\t\t\t\t\t\t\t\t<\/li>\n\t\t\t\t\t\t\t\t<li class=\"elementor-icon-list-item\">\n\t\t\t\t\t\t\t\t\t\t\t<span class=\"elementor-icon-list-icon\">\n\t\t\t\t\t\t\t<i aria-hidden=\"true\" class=\"fas fa-check\"><\/i>\t\t\t\t\t\t<\/span>\n\t\t\t\t\t\t\t\t\t\t<span class=\"elementor-icon-list-text\">Entradas a 2 lugares de pajareo y fotograf\u00eda<\/span>\n\t\t\t\t\t\t\t\t\t<\/li>\n\t\t\t\t\t\t\t\t<li class=\"elementor-icon-list-item\">\n\t\t\t\t\t\t\t\t\t\t\t<span class=\"elementor-icon-list-icon\">\n\t\t\t\t\t\t\t<i aria-hidden=\"true\" class=\"fas fa-check\"><\/i>\t\t\t\t\t\t<\/span>\n\t\t\t\t\t\t\t\t\t\t<span class=\"elementor-icon-list-text\">Lista de aves vista<\/span>\n\t\t\t\t\t\t\t\t\t<\/li>\n\t\t\t\t\t\t\t\t<li class=\"elementor-icon-list-item\">\n\t\t\t\t\t\t\t\t\t\t\t<span class=\"elementor-icon-list-icon\">\n\t\t\t\t\t\t\t<i aria-hidden=\"true\" class=\"fas fa-check\"><\/i>\t\t\t\t\t\t<\/span>\n\t\t\t\t\t\t\t\t\t\t<span class=\"elementor-icon-list-text\">Asesoramiento de gu\u00eda durante y despu\u00e9s del recorrido.<\/span>\n\t\t\t\t\t\t\t\t\t<\/li>\n\t\t\t\t\t\t\t\t<li class=\"elementor-icon-list-item\">\n\t\t\t\t\t\t\t\t\t\t\t<span class=\"elementor-icon-list-icon\">\n\t\t\t\t\t\t\t<i aria-hidden=\"true\" class=\"fas fa-check\"><\/i>\t\t\t\t\t\t<\/span>\n\t\t\t\t\t\t\t\t\t\t<span class=\"elementor-icon-list-text\">Duraci\u00f3n aproximada: 5 horas<\/span>\n\t\t\t\t\t\t\t\t\t<\/li>\n\t\t\t\t\t\t\t\t<li class=\"elementor-icon-list-item\">\n\t\t\t\t\t\t\t\t\t\t\t<span class=\"elementor-icon-list-icon\">\n\t\t\t\t\t\t\t<i aria-hidden=\"true\" class=\"fas fa-check\"><\/i>\t\t\t\t\t\t<\/span>\n\t\t\t\t\t\t\t\t\t\t<span class=\"elementor-icon-list-text\">Dificultad: f\u00e1cil<\/span>\n\t\t\t\t\t\t\t\t\t<\/li>\n\t\t\t\t\t\t<\/ul>\n\t\t\t\t\t\t<\/div>\n\t\t\t\t<\/div>\n\t\t\t\t<div class=\"elementor-element elementor-element-90b5b51 elementor-widget elementor-widget-text-editor\" data-id=\"90b5b51\" data-element_type=\"widget\" data-widget_type=\"text-editor.default\">\n\t\t\t\t<div class=\"elementor-widget-container\">\n\t\t\t\t\t\t\t\t\t<p><img decoding=\"async\" class=\" wp-image-10288 alignleft\" src=\"http:\/\/staging6.lasterrazasdedana.com\/wp-content\/uploads\/2023\/10\/Fa-Team-Fontawesome-FontAwesome-Check.512-300x300.png\" alt=\"\" width=\"17\" height=\"17\" data-wp-editing=\"1\" title=\"\">Aves que puedes ver: <span style=\"color: #d68b08;\">Toucan Barbet, Andean Cock-of-the-Rock, Plate Billed Mountain Toucan<\/span>, Blue Winged Mountain Tanager, White-booted Racket Tail, Violet-tailed Sylph<\/p>\t\t\t\t\t\t\t\t<\/div>\n\t\t\t\t<\/div>\n\t\t\t\t<\/div>\n\t\t<div class=\"elementor-element elementor-element-cc33133 e-con-full e-flex e-con e-child\" data-id=\"cc33133\" data-element_type=\"container\">\n\t\t\t\t<div class=\"elementor-element elementor-element-b30ffb7 elementor-widget elementor-widget-spacer\" data-id=\"b30ffb7\" data-element_type=\"widget\" data-widget_type=\"spacer.default\">\n\t\t\t\t<div class=\"elementor-widget-container\">\n\t\t\t\t\t\t\t<div class=\"elementor-spacer\">\n\t\t\t<div class=\"elementor-spacer-inner\"><\/div>\n\t\t<\/div>\n\t\t\t\t\t\t<\/div>\n\t\t\t\t<\/div>\n\t\t\t\t<\/div>\n\t\t\t\t\t<\/div>\n\t\t\t\t<\/div>\n\t\t<div class=\"elementor-element elementor-element-2a4c653 e-flex e-con-boxed e-con e-parent\" data-id=\"2a4c653\" data-element_type=\"container\" data-settings=\"{&quot;background_background&quot;:&quot;classic&quot;}\">\n\t\t\t\t\t<div class=\"e-con-inner\">\n\t\t<div class=\"elementor-element elementor-element-4f60024 e-con-full e-flex e-con e-child\" data-id=\"4f60024\" data-element_type=\"container\">\n\t\t\t\t<div class=\"elementor-element elementor-element-e929aca elementor-widget elementor-widget-text-editor\" data-id=\"e929aca\" data-element_type=\"widget\" data-widget_type=\"text-editor.default\">\n\t\t\t\t<div class=\"elementor-widget-container\">\n\t\t\t\t\t\t\t\t\t<p><b>Emb\u00e1rcate en una emocionante excursi\u00f3n de medio d\u00eda de observaci\u00f3n de aves en el Choc\u00f3 Andino.<\/b><\/p><p>Descubre la belleza incomparable del Choc\u00f3 Andino, Ecuador, con nuestro tour de medio d\u00eda de observaci\u00f3n de aves en el Choc\u00f3 Andino. Un viaje inmersivo al coraz\u00f3n de uno de los puntos calientes de biodiversidad del mundo. Con un precio de $240 hasta 2 personas, esta experiencia exclusiva promete un encuentro encantador con las maravillas pajareras de la regi\u00f3n.<\/p><p><b>Precios adaptados para cada tama\u00f1o de grupo:<\/b><\/p><p>\u2013 TRES PERSONAS: Ampl\u00eda tu aventura para acomodar a un grupo m\u00e1s grande por $290.00<\/p><p>\u00a0\u2013 CUATRO PERSONAS: Para una experiencia m\u00e1s comunitaria, re\u00fane a tres compa\u00f1eros por un costo total de $360.00<\/p><p>Nuestra estructura de precios garantiza flexibilidad, lo que te permite crear la experiencia perfecta de observaci\u00f3n de aves para tu grupo.<\/p><p><b>El itinerario:<\/b><\/p><p>Tu aventura comienza con una recogida puntual en el lodge a las 5:20 AM, asegur\u00e1ndote de que captures la magia del amanecer cuando el mundo aviar cobra vida. Un gu\u00eda privado de observaci\u00f3n de aves y un transporte c\u00f3modo est\u00e1n a tu servicio, garantizando una exploraci\u00f3n sin problemas y agradable de los diversos ecosistemas del Choc\u00f3 Andino.<\/p><p>Para alimentar tu viaje, se proporciona una deliciosa caja de desayuno completa, que ofrece sustento mientras te adentras en los exuberantes paisajes. El tour incluye entradas a dos puntos cuidadosamente seleccionados para la observaci\u00f3n de aves y la fotograf\u00eda, cada uno de los cuales ofrece una perspectiva \u00fanica sobre los residentes emplumados del Choc\u00f3 andino.<\/p><p><b>Orientaci\u00f3n experta y cuidado posterior:<\/b><\/p><p>A lo largo del tour, tu gu\u00eda privado de observaci\u00f3n de aves no solo mejorar\u00e1 tu experiencia con informaci\u00f3n sobre las maravillas aviares, sino que tambi\u00e9n proporcionar\u00e1 una lista de aves vistas, que crear\u00e1 un registro personalizado de tu aventura.<\/p><p><b>Duraci\u00f3n, dificultad y especies ic\u00f3nicas:<\/b><\/p><p>La duraci\u00f3n aproximada del tour es de 5 horas, que te ofrece tiempo suficiente para sumergirte en los impresionantes paisajes y capturar momentos memorables. Con un nivel de dificultad f\u00e1cil, este tour es adecuado para todos los niveles de observadores de aves.<\/p><p>La gu\u00eda de observaci\u00f3n de aves garantiza una experiencia sin problemas, que significa calidad y excelencia. El Tour de Observaci\u00f3n de Aves de Choc\u00f3 desvela la oportunidad de avistar especies ic\u00f3nicas, que incluyen el llamativo Tuc\u00e1n Barbet, el flamante Gallito de la Pe\u00f1a, el majestuoso Tuc\u00e1n Andino, la vibrante Tangara de Monta\u00f1a de Alas Azules, la elegante Cola de Raqueta de Botas Blancas y el cautivador Sylph de Cola Violeta.<\/p><p>\u00a1Emb\u00e1rcate en esta aventura de medio d\u00eda, donde cada momento es una celebraci\u00f3n de los tesoros emplumados del Choc\u00f3 Andino!<\/p>\t\t\t\t\t\t\t\t<\/div>\n\t\t\t\t<\/div>\n\t\t\t\t<\/div>\n\t\t<div class=\"elementor-element elementor-element-549f0dd e-con-full e-flex e-con e-child\" data-id=\"549f0dd\" data-element_type=\"container\">\n\t\t\t\t<div class=\"elementor-element elementor-element-576f0ca elementor-widget elementor-widget-spacer\" data-id=\"576f0ca\" data-element_type=\"widget\" data-widget_type=\"spacer.default\">\n\t\t\t\t<div class=\"elementor-widget-container\">\n\t\t\t\t\t\t\t<div class=\"elementor-spacer\">\n\t\t\t<div class=\"elementor-spacer-inner\"><\/div>\n\t\t<\/div>\n\t\t\t\t\t\t<\/div>\n\t\t\t\t<\/div>\n\t\t\t\t<\/div>\n\t\t\t\t\t<\/div>\n\t\t\t\t<\/div>\n\t\t\t\t<\/div>\n\t\t","protected":false},"excerpt":{"rendered":"<p>MEDIO DIA CHOC\u00d3 BIRDING TOUR PRECIO: $240 * Hasta 2 hu\u00e9spedes PRECIO TOTAL. Tres hu\u00e9spedes: $290. CUATRO hu\u00e9spedes: $360. Recogida desde el lodge a las 5:20AM Gu\u00eda pajarero privado y transporte Caja desayuno completa Entradas a 2 lugares de pajareo y fotograf\u00eda Lista de aves vista Asesoramiento de gu\u00eda durante y despu\u00e9s del recorrido. Duraci\u00f3n [&hellip;]<\/p>\n","protected":false},"author":2,"featured_media":8202,"parent":0,"menu_order":0,"comment_status":"closed","ping_status":"closed","template":"elementor_header_footer","meta":{"footnotes":""},"class_list":["post-10846","page","type-page","status-publish","has-post-thumbnail","hentry"],"_links":{"self":[{"href":"https:\/\/staging6.lasterrazasdedana.com\/es\/wp-json\/wp\/v2\/pages\/10846","targetHints":{"allow":["GET"]}}],"collection":[{"href":"https:\/\/staging6.lasterrazasdedana.com\/es\/wp-json\/wp\/v2\/pages"}],"about":[{"href":"https:\/\/staging6.lasterrazasdedana.com\/es\/wp-json\/wp\/v2\/types\/page"}],"author":[{"embeddable":true,"href":"https:\/\/staging6.lasterrazasdedana.com\/es\/wp-json\/wp\/v2\/users\/2"}],"replies":[{"embeddable":true,"href":"https:\/\/staging6.lasterrazasdedana.com\/es\/wp-json\/wp\/v2\/comments?post=10846"}],"version-history":[{"count":10,"href":"https:\/\/staging6.lasterrazasdedana.com\/es\/wp-json\/wp\/v2\/pages\/10846\/revisions"}],"predecessor-version":[{"id":10860,"href":"https:\/\/staging6.lasterrazasdedana.com\/es\/wp-json\/wp\/v2\/pages\/10846\/revisions\/10860"}],"wp:featuredmedia":[{"embeddable":true,"href":"https:\/\/staging6.lasterrazasdedana.com\/es\/wp-json\/wp\/v2\/media\/8202"}],"wp:attachment":[{"href":"https:\/\/staging6.lasterrazasdedana.com\/es\/wp-json\/wp\/v2\/media?parent=10846"}],"curies":[{"name":"wp","href":"https:\/\/api.w.org\/{rel}","templated":true}]}}